{"id":10015,"date":"2024-10-27T11:44:27","date_gmt":"2024-10-27T10:44:27","guid":{"rendered":"https:\/\/www.mmaurer.at\/?page_id=10015"},"modified":"2025-09-11T17:06:02","modified_gmt":"2025-09-11T15:06:02","slug":"braiding","status":"publish","type":"page","link":"https:\/\/www.mmaurer.at\/en\/flechterei\/","title":{"rendered":"Braiding"},"content":{"rendered":"<p>[et_pb_section fb_built=&#8220;1&#8243; _builder_version=&#8220;4.27.4&#8243; _module_preset=&#8220;default&#8220; custom_margin=&#8220;||0px||false|false&#8220; custom_margin_tablet=&#8220;0px||||false|false&#8220; custom_margin_phone=&#8220;0px||||false|false&#8220; custom_margin_last_edited=&#8220;on|tablet&#8220; custom_padding=&#8220;0px|0px|0px||false|false&#8220; global_module=&#8220;4477&#8243; saved_tabs=&#8220;all&#8220; global_colors_info=&#8220;{}&#8220;][et_pb_row column_structure=&#8220;3_4,1_4&#8243; _builder_version=&#8220;4.27.4&#8243; _module_preset=&#8220;default&#8220; background_color=&#8220;#3974ba&#8220; width=&#8220;100%&#8220; custom_margin=&#8220;0px|auto|0px|auto|false|false&#8220; custom_padding=&#8220;0px||0px||false|false&#8220; global_colors_info=&#8220;{}&#8220;][et_pb_column type=&#8220;3_4&#8243; _builder_version=&#8220;4.27.4&#8243; _module_preset=&#8220;default&#8220; global_colors_info=&#8220;{}&#8220;][et_pb_divider _builder_version=&#8220;4.27.4&#8243; _module_preset=&#8220;default&#8220; global_colors_info=&#8220;{}&#8220;][\/et_pb_divider][\/et_pb_column][et_pb_column type=&#8220;1_4&#8243; _builder_version=&#8220;4.27.4&#8243; _module_preset=&#8220;default&#8220; global_colors_info=&#8220;{}&#8220;][\/et_pb_column][\/et_pb_row][et_pb_row column_structure=&#8220;3_4,1_4&#8243; _builder_version=&#8220;4.27.4&#8243; _module_preset=&#8220;default&#8220; width=&#8220;100%&#8220; custom_margin=&#8220;0px|0px|0px|0px|false|false&#8220; custom_margin_tablet=&#8220;0px|0px|-65px|0px|false|false&#8220; custom_margin_phone=&#8220;||-65px||false|false&#8220; custom_margin_last_edited=&#8220;on|tablet&#8220; custom_padding=&#8220;0px|0px|0px|0px|false|false&#8220; global_colors_info=&#8220;{}&#8220;][et_pb_column type=&#8220;3_4&#8243; _builder_version=&#8220;4.25.1&#8243; _module_preset=&#8220;default&#8220; global_colors_info=&#8220;{}&#8220;][et_pb_menu active_link_color=&#8220;#3a74ba&#8220; logo=&#8220;https:\/\/www.mmaurer.at\/wp-content\/uploads\/2025\/07\/MMaurer-Logo-Text_RGB_gross.png&#8220; logo_url=&#8220;@ET-DC@eyJkeW5hbWljIjp0cnVlLCJjb250ZW50IjoicG9zdF9saW5rX3VybF9wYWdlIiwic2V0dGluZ3MiOnsicG9zdF9pZCI6IjQ0MjUifX0=@&#8220; logo_width=&#8220;25%&#8220; logo_tablet=&#8220;https:\/\/www.mmaurer.at\/wp-content\/uploads\/2025\/07\/Maurer-Logo.png&#8220; logo_phone=&#8220;https:\/\/www.mmaurer.at\/wp-content\/uploads\/2025\/07\/MAURER-Rundes-Logo.png&#8220; logo_last_edited=&#8220;on|tablet&#8220; logo_width_tablet=&#8220;&#8220; logo_width_phone=&#8220;35%&#8220; logo_width_last_edited=&#8220;on|phone&#8220; _builder_version=&#8220;4.27.4&#8243; _dynamic_attributes=&#8220;logo_url&#8220; _module_preset=&#8220;default&#8220; menu_font=&#8220;|600|||||||&#8220; menu_font_size=&#8220;16px&#8220; max_height=&#8220;88%&#8220; custom_margin=&#8220;10px|0px|10px||true|false&#8220; custom_margin_tablet=&#8220;0px||||false|false&#8220; custom_margin_phone=&#8220;&#8220; custom_margin_last_edited=&#8220;on|tablet&#8220; custom_padding=&#8220;|0px|0px|0px|false|false&#8220; global_colors_info=&#8220;{}&#8220;][\/et_pb_menu][\/et_pb_column][et_pb_column type=&#8220;1_4&#8243; _builder_version=&#8220;4.25.1&#8243; _module_preset=&#8220;default&#8220; global_colors_info=&#8220;{}&#8220;][et_pb_button button_url=&#8220;@ET-DC@eyJkeW5hbWljIjp0cnVlLCJjb250ZW50IjoicG9zdF9saW5rX3VybF9wYWdlIiwic2V0dGluZ3MiOnsicG9zdF9pZCI6IjQ1MTYifX0=@&#8220; button_text=&#8220;Zum Shop f\u00fcr Lagerware&#8220; button_alignment=&#8220;right&#8220; disabled_on=&#8220;on|on|on&#8220; _builder_version=&#8220;4.27.4&#8243; _dynamic_attributes=&#8220;button_url&#8220; _module_preset=&#8220;default&#8220; custom_button=&#8220;on&#8220; button_text_size=&#8220;16px&#8220; button_text_color=&#8220;#FFFFFF&#8220; button_bg_color=&#8220;#3973b9&#8243; button_border_width=&#8220;0px&#8220; button_border_radius=&#8220;10px&#8220; button_font=&#8220;|700|||||||&#8220; custom_margin=&#8220;50px||||false|false&#8220; custom_margin_tablet=&#8220;1px||||false|false&#8220; custom_margin_phone=&#8220;0px||||false|false&#8220; custom_margin_last_edited=&#8220;on|phone&#8220; custom_padding=&#8220;|30px||30px|false|true&#8220; disabled=&#8220;on&#8220; global_colors_info=&#8220;{}&#8220;][\/et_pb_button][\/et_pb_column][\/et_pb_row][\/et_pb_section][et_pb_section fb_built=&#8220;1&#8243; _builder_version=&#8220;4.25.1&#8243; _module_preset=&#8220;default&#8220; background_color=&#8220;gcid-primary-color&#8220; custom_padding=&#8220;45px||40px|||&#8220; global_colors_info=&#8220;{%22gcid-primary-color%22:%91%22background_color%22%93}&#8220;][et_pb_row column_structure=&#8220;2_3,1_3&#8243; _builder_version=&#8220;4.25.1&#8243; _module_preset=&#8220;default&#8220; width=&#8220;80%&#8220; custom_padding=&#8220;5px|||||&#8220; global_colors_info=&#8220;{}&#8220;][et_pb_column type=&#8220;2_3&#8243; _builder_version=&#8220;4.25.1&#8243; _module_preset=&#8220;default&#8220; global_colors_info=&#8220;{}&#8220;][et_pb_text _builder_version=&#8220;4.27.4&#8243; _module_preset=&#8220;default&#8220; text_font=&#8220;||||||||&#8220; text_text_color=&#8220;#FFFFFF&#8220; text_font_size=&#8220;18px&#8220; header_font=&#8220;|800|||||||&#8220; header_text_color=&#8220;#FFFFFF&#8220; header_font_size=&#8220;35px&#8220; custom_margin=&#8220;12px||11px||false|false&#8220; hover_enabled=&#8220;0&#8243; global_colors_info=&#8220;{}&#8220; sticky_enabled=&#8220;0&#8243;]<\/p>\n<h1 style=\"text-align: left;\"><span style=\"color: #ffffff;\"><strong>Flechterei<\/strong><\/span><\/h1>\n<p>Die Flechtmaschine ist eine technische Apparatur, mit der automatisch Litzen, Schn\u00fcre, Seile und andere lineare Produkte geflochten werden k\u00f6nnen \u2013 pr\u00e4zise und effizient.<\/p>\n<p><strong>Unsere Produkte:<\/strong><\/p>\n<ul>\n<li>Spitzen<\/li>\n<li>Fonjas<\/li>\n<li>Schn\u00fcre (Kordeln)<\/li>\n<li>Soutache<\/li>\n<li>Litzen und Tressen<\/li>\n<li>R\u00fcschen<\/li>\n<li>Trachtenborten und Kippborten<\/li>\n<li>\u00dcberkl\u00f6ppelung von Oliven<\/li>\n<li>Viereckschn\u00fcre<\/li>\n<li>Passpoil<\/li>\n<\/ul>\n<p>[\/et_pb_text][\/et_pb_column][et_pb_column type=&#8220;1_3&#8243; _builder_version=&#8220;4.25.1&#8243; _module_preset=&#8220;default&#8220; global_colors_info=&#8220;{}&#8220;][dsm_menu title=&#8220;Alle Fertigungsarten&#8220; menu_id=&#8220;198&#8243; menu_link_text_color=&#8220;#FFFFFF&#8220; active_link_color=&#8220;#FFFFFF&#8220; menu_link_text_active_color=&#8220;#FFFFFF&#8220; menu_link_text_visited_color=&#8220;#FFFFFF&#8220; list_style_type=&#8220;circle&#8220; list_style_color=&#8220;#FFFFFF&#8220; _builder_version=&#8220;4.25.1&#8243; _module_preset=&#8220;default&#8220; header_font=&#8220;|700|||||||&#8220; header_text_color=&#8220;#FFFFFF&#8220; background_color=&#8220;rgba(255,255,255,0.08)&#8220; custom_padding=&#8220;40px|20px|20px|40px|false|false&#8220; border_radii=&#8220;on|30px|30px|30px|30px&#8220; box_shadow_style=&#8220;preset1&#8243; global_module=&#8220;10398&#8243; saved_tabs=&#8220;all&#8220; global_colors_info=&#8220;{}&#8220;][\/dsm_menu][\/et_pb_column][\/et_pb_row][\/et_pb_section][et_pb_section fb_built=&#8220;1&#8243; admin_label=&#8220;Gallery Section&#8220; _builder_version=&#8220;4.16&#8243; custom_padding=&#8220;55px||22px|||&#8220; global_colors_info=&#8220;{}&#8220;][et_pb_row column_structure=&#8220;1_2,1_4,1_4&#8243; use_custom_gutter=&#8220;on&#8220; gutter_width=&#8220;2&#8243; _builder_version=&#8220;4.16&#8243; max_width=&#8220;1440px&#8220; use_custom_width=&#8220;on&#8220; custom_width_px=&#8220;1440px&#8220; global_colors_info=&#8220;{}&#8220;][et_pb_column type=&#8220;1_2&#8243; _builder_version=&#8220;4.16&#8243; custom_padding=&#8220;|||&#8220; global_colors_info=&#8220;{}&#8220; custom_padding__hover=&#8220;|||&#8220;][et_pb_image src=&#8220;https:\/\/www.mmaurer.at\/wp-content\/uploads\/2024\/10\/IMG_7691.jpeg&#8220; title_text=&#8220;IMG_7691&#8243; show_in_lightbox=&#8220;on&#8220; force_fullwidth=&#8220;on&#8220; align_tablet=&#8220;center&#8220; align_phone=&#8220;&#8220; align_last_edited=&#8220;on|desktop&#8220; _builder_version=&#8220;4.25.1&#8243; animation_style=&#8220;slide&#8220; animation_direction=&#8220;left&#8220; animation_intensity_slide=&#8220;5%&#8220; animation_starting_opacity=&#8220;100%&#8220; global_colors_info=&#8220;{}&#8220;][\/et_pb_image][\/et_pb_column][et_pb_column type=&#8220;1_4&#8243; _builder_version=&#8220;4.16&#8243; custom_padding=&#8220;|||&#8220; global_colors_info=&#8220;{}&#8220; custom_padding__hover=&#8220;|||&#8220;][et_pb_image src=&#8220;https:\/\/www.mmaurer.at\/wp-content\/uploads\/2024\/10\/IMG_7689.jpeg&#8220; title_text=&#8220;IMG_7689&#8243; show_in_lightbox=&#8220;on&#8220; force_fullwidth=&#8220;on&#8220; align_tablet=&#8220;center&#8220; align_phone=&#8220;&#8220; align_last_edited=&#8220;on|desktop&#8220; _builder_version=&#8220;4.25.1&#8243; animation_style=&#8220;slide&#8220; animation_direction=&#8220;top&#8220; animation_intensity_slide=&#8220;5%&#8220; animation_starting_opacity=&#8220;100%&#8220; locked=&#8220;off&#8220; global_colors_info=&#8220;{}&#8220;][\/et_pb_image][et_pb_image src=&#8220;https:\/\/www.mmaurer.at\/wp-content\/uploads\/2024\/10\/IMG_7690.jpeg&#8220; title_text=&#8220;IMG_7690&#8243; show_in_lightbox=&#8220;on&#8220; force_fullwidth=&#8220;on&#8220; align_tablet=&#8220;center&#8220; align_phone=&#8220;&#8220; align_last_edited=&#8220;on|desktop&#8220; _builder_version=&#8220;4.25.1&#8243; custom_margin=&#8220;|||&#8220; custom_padding=&#8220;15px|||&#8220; animation_style=&#8220;slide&#8220; animation_intensity_slide=&#8220;5%&#8220; animation_starting_opacity=&#8220;100%&#8220; locked=&#8220;off&#8220; global_colors_info=&#8220;{}&#8220;][\/et_pb_image][\/et_pb_column][et_pb_column type=&#8220;1_4&#8243; _builder_version=&#8220;4.16&#8243; custom_padding=&#8220;|||&#8220; global_colors_info=&#8220;{}&#8220; custom_padding__hover=&#8220;|||&#8220;][et_pb_image src=&#8220;https:\/\/www.mmaurer.at\/wp-content\/uploads\/2024\/10\/IMG_7692.jpeg&#8220; title_text=&#8220;IMG_7692&#8243; show_in_lightbox=&#8220;on&#8220; force_fullwidth=&#8220;on&#8220; align_tablet=&#8220;center&#8220; align_phone=&#8220;&#8220; align_last_edited=&#8220;on|desktop&#8220; _builder_version=&#8220;4.25.1&#8243; animation_style=&#8220;slide&#8220; animation_direction=&#8220;right&#8220; animation_intensity_slide=&#8220;5%&#8220; animation_starting_opacity=&#8220;100%&#8220; locked=&#8220;off&#8220; global_colors_info=&#8220;{}&#8220;][\/et_pb_image][et_pb_image src=&#8220;https:\/\/www.mmaurer.at\/wp-content\/uploads\/2024\/10\/IMG_7688.jpeg&#8220; title_text=&#8220;IMG_7688&#8243; show_in_lightbox=&#8220;on&#8220; force_fullwidth=&#8220;on&#8220; align_tablet=&#8220;center&#8220; align_phone=&#8220;&#8220; align_last_edited=&#8220;on|desktop&#8220; _builder_version=&#8220;4.25.1&#8243; custom_padding=&#8220;15px|||&#8220; animation_style=&#8220;slide&#8220; animation_direction=&#8220;right&#8220; animation_intensity_slide=&#8220;5%&#8220; animation_starting_opacity=&#8220;100%&#8220; locked=&#8220;off&#8220; global_colors_info=&#8220;{}&#8220;][\/et_pb_image][\/et_pb_column][\/et_pb_row][\/et_pb_section][et_pb_section fb_built=&#8220;1&#8243; _builder_version=&#8220;4.25.1&#8243; _module_preset=&#8220;default&#8220; custom_padding=&#8220;20px||70px||false|false&#8220; global_module=&#8220;4778&#8243; saved_tabs=&#8220;all&#8220; global_colors_info=&#8220;{}&#8220;][et_pb_row _builder_version=&#8220;4.25.1&#8243; _module_preset=&#8220;default&#8220; global_colors_info=&#8220;{}&#8220;][et_pb_column type=&#8220;4_4&#8243; _builder_version=&#8220;4.25.1&#8243; _module_preset=&#8220;default&#8220; global_colors_info=&#8220;{}&#8220;][et_pb_text _builder_version=&#8220;4.27.4&#8243; _module_preset=&#8220;default&#8220; global_colors_info=&#8220;{}&#8220;]<\/p>\n<h2 class=\"p1\"><b>Themenwelten \u2013 F\u00fcr jeden Zweck das Richtige<\/b><\/h2>\n<p class=\"p1\">Unsere Produkte sind vielseitig einsetzbar \u2013 und manche Kund:innen brauchen direkt die passende Anwendung:<\/p>\n<p>[\/et_pb_text][\/et_pb_column][\/et_pb_row][et_pb_row column_structure=&#8220;1_4,1_4,1_4,1_4&#8243; use_custom_gutter=&#8220;on&#8220; gutter_width=&#8220;1&#8243; _builder_version=&#8220;4.25.1&#8243; _module_preset=&#8220;default&#8220; global_colors_info=&#8220;{}&#8220;][et_pb_column type=&#8220;1_4&#8243; _builder_version=&#8220;4.25.1&#8243; _module_preset=&#8220;default&#8220; global_colors_info=&#8220;{}&#8220;][et_pb_image src=&#8220;https:\/\/www.mmaurer.at\/wp-content\/uploads\/2025\/08\/1.jpg&#8220; title_text=&#8220;1&#8243; url=&#8220;@ET-DC@eyJkeW5hbWljIjp0cnVlLCJjb250ZW50IjoicG9zdF9saW5rX3VybF9wYWdlIiwic2V0dGluZ3MiOnsicG9zdF9pZCI6IjEwMjE4In19@&#8220; _builder_version=&#8220;4.27.4&#8243; _dynamic_attributes=&#8220;url&#8220; _module_preset=&#8220;default&#8220; global_colors_info=&#8220;{}&#8220;][\/et_pb_image][et_pb_text _builder_version=&#8220;4.27.4&#8243; _module_preset=&#8220;default&#8220; custom_padding=&#8220;10px|10px|10px|10px|true|true&#8220; global_colors_info=&#8220;{}&#8220;]<\/p>\n<h2 class=\"p1\"><strong>Alles f\u00fcr die Tracht<\/strong><\/h2>\n<p class=\"p1\">Von der Hutschnur bis zum Dirndlknopf: Originale Posamenten f\u00fcr traditionelles Handwerk &amp; Mode.<\/p>\n<p>[\/et_pb_text][dsm_before_after_image _builder_version=&#8220;4.25.1&#8243; _module_preset=&#8220;default&#8220; global_colors_info=&#8220;{}&#8220;][\/dsm_before_after_image][\/et_pb_column][et_pb_column type=&#8220;1_4&#8243; _builder_version=&#8220;4.25.1&#8243; _module_preset=&#8220;default&#8220; global_colors_info=&#8220;{}&#8220;][et_pb_image src=&#8220;https:\/\/www.mmaurer.at\/wp-content\/uploads\/2025\/08\/2.jpg&#8220; title_text=&#8220;2&#8243; url=&#8220;@ET-DC@eyJkeW5hbWljIjp0cnVlLCJjb250ZW50IjoicG9zdF9saW5rX3VybF9wYWdlIiwic2V0dGluZ3MiOnsicG9zdF9pZCI6IjEwMjUzIn19@&#8220; _builder_version=&#8220;4.27.4&#8243; _dynamic_attributes=&#8220;url&#8220; _module_preset=&#8220;default&#8220; global_colors_info=&#8220;{}&#8220;][\/et_pb_image][et_pb_text _builder_version=&#8220;4.27.4&#8243; _module_preset=&#8220;default&#8220; custom_padding=&#8220;10px|10px|10px|10px|true|true&#8220; global_colors_info=&#8220;{}&#8220;]<\/p>\n<h2 class=\"p1\" style=\"text-align: left;\"><b>Uniformeffekte &amp; Ordensb\u00e4nder<\/b><\/h2>\n<p class=\"p1\" style=\"text-align: left;\">F\u00fcr Milit\u00e4r, Feuerwehr, Polizei und Ehrenzeichen. Ma\u00dfgenaue, normkonforme Anfertigung.<\/p>\n<p>[\/et_pb_text][\/et_pb_column][et_pb_column type=&#8220;1_4&#8243; _builder_version=&#8220;4.25.1&#8243; _module_preset=&#8220;default&#8220; global_colors_info=&#8220;{}&#8220;][et_pb_image src=&#8220;https:\/\/www.mmaurer.at\/wp-content\/uploads\/2025\/08\/3.jpg&#8220; title_text=&#8220;3&#8243; url=&#8220;@ET-DC@eyJkeW5hbWljIjp0cnVlLCJjb250ZW50IjoicG9zdF9saW5rX3VybF9wYWdlIiwic2V0dGluZ3MiOnsicG9zdF9pZCI6IjEwMjY2In19@&#8220; _builder_version=&#8220;4.27.4&#8243; _dynamic_attributes=&#8220;url&#8220; _module_preset=&#8220;default&#8220; global_colors_info=&#8220;{}&#8220;][\/et_pb_image][et_pb_text _builder_version=&#8220;4.27.4&#8243; _module_preset=&#8220;default&#8220; custom_padding=&#8220;10px|10px|10px|10px|true|true&#8220; global_colors_info=&#8220;{}&#8220;]<\/p>\n<h2 class=\"p1\" style=\"text-align: left;\"><b>Theater- &amp; Raumausstatter<\/b><\/h2>\n<p class=\"p1\" style=\"text-align: left;\">Prachtvolle Borten &amp; Quasten f\u00fcr B\u00fchne, Film, Museen &amp; klassisches Interior.<\/p>\n<p>[\/et_pb_text][\/et_pb_column][et_pb_column type=&#8220;1_4&#8243; _builder_version=&#8220;4.25.1&#8243; _module_preset=&#8220;default&#8220; global_colors_info=&#8220;{}&#8220;][et_pb_image src=&#8220;https:\/\/www.mmaurer.at\/wp-content\/uploads\/2025\/08\/4.jpg&#8220; title_text=&#8220;4&#8243; url=&#8220;@ET-DC@eyJkeW5hbWljIjp0cnVlLCJjb250ZW50IjoicG9zdF9saW5rX3VybF9wYWdlIiwic2V0dGluZ3MiOnsicG9zdF9pZCI6IjEwMjc5In19@&#8220; _builder_version=&#8220;4.27.4&#8243; _dynamic_attributes=&#8220;url&#8220; _module_preset=&#8220;default&#8220; global_colors_info=&#8220;{}&#8220;][\/et_pb_image][et_pb_text _builder_version=&#8220;4.27.4&#8243; _module_preset=&#8220;default&#8220; custom_padding=&#8220;10px|10px|10px|10px|true|true&#8220; global_colors_info=&#8220;{}&#8220;]<\/p>\n<h2 class=\"p1\" style=\"text-align: left;\"><b>Klosterarbeiten &amp; Paramentik<\/b><\/h2>\n<p class=\"p1\" style=\"text-align: left;\">Gespinste, Bouillon, Litzen &amp; Stickmaterialien f\u00fcr sakrale Kunst &amp; textile Restauration.<\/p>\n<p>[\/et_pb_text][\/et_pb_column][\/et_pb_row][\/et_pb_section]<\/p>\n","protected":false},"excerpt":{"rendered":"<p>Flechterei Die Flechtmaschine ist eine technische Apparatur, mit der automatisch Litzen, Schn\u00fcre, Seile und andere lineare Produkte geflochten werden k\u00f6nnen \u2013 pr\u00e4zise und effizient. Unsere Produkte: Spitzen Fonjas Schn\u00fcre (Kordeln) Soutache Litzen und Tressen R\u00fcschen Trachtenborten und Kippborten \u00dcberkl\u00f6ppelung von Oliven Viereckschn\u00fcre Passpoil <div class=\"et_pb_module dsm_menu dsm_menu_0  et_pb_text_align_left et_pb_bg_layout_light\">\n\t\t\t\t\n\t\t\t\t\n\t\t\t\t\n\t\t\t\t\n\t\t\t\t\n\t\t\t\t\n\t\t\t\t<div class=\"et_pb_module_inner\">\n\t\t\t\t\t<h4 class=\"dsm-menu-title et_pb_module_header\">Alle Fertigungsarten<\/h4><nav class=\"dsm-menu-container\" role=navigation itemscope itemtype=http:\/\/schema.org\/SiteNavigationElement><ul id=\"menu-fertigung\" class=\"dsm-menu dsm-menu-style-type-circle dsm-menu-layout-vertical\"><li id=\"menu-item-10327\" class=\"et_pb_menu_page_id-9995 menu-item menu-item-type-post_type menu-item-object-page menu-item-10327\"><a href=\"https:\/\/www.mmaurer.at\/en\/stickerei\/\" itemprop=\"url\" data-wpel-link=\"internal\"><span itemprop=\"name\">Stickerei<\/span><\/a><\/li>\n<li id=\"menu-item-10326\" class=\"et_pb_menu_page_id-10015 menu-item menu-item-type-post_type menu-item-object-page menu-item-10326\"><a href=\"https:\/\/www.mmaurer.at\/en\/flechterei\/\" itemprop=\"url\" data-wpel-link=\"internal\"><span itemprop=\"name\">Flechterei<\/span><\/a><\/li>\n<li id=\"menu-item-10325\" class=\"et_pb_menu_page_id-10021 menu-item menu-item-type-post_type menu-item-object-page menu-item-10325\"><a href=\"https:\/\/www.mmaurer.at\/en\/galon\/\" itemprop=\"url\" data-wpel-link=\"internal\"><span itemprop=\"name\">Galon<\/span><\/a><\/li>\n<li id=\"menu-item-10324\" class=\"et_pb_menu_page_id-10029 menu-item menu-item-type-post_type menu-item-object-page menu-item-10324\"><a href=\"https:\/\/www.mmaurer.at\/en\/weberei\/\" itemprop=\"url\" data-wpel-link=\"internal\"><span itemprop=\"name\">Weberei<\/span><\/a><\/li>\n<li id=\"menu-item-10323\" class=\"et_pb_menu_page_id-10033 menu-item menu-item-type-post_type menu-item-object-page menu-item-10323\"><a href=\"https:\/\/www.mmaurer.at\/en\/spinnerei\/\" itemprop=\"url\" data-wpel-link=\"internal\"><span itemprop=\"name\">Spinnerei<\/span><\/a><\/li>\n<li id=\"menu-item-10328\" class=\"et_pb_menu_page_id-10043 menu-item menu-item-type-post_type menu-item-object-page menu-item-10328\"><a href=\"https:\/\/www.mmaurer.at\/en\/handarbeit\/\" itemprop=\"url\" data-wpel-link=\"internal\"><span itemprop=\"name\">Handarbeit<\/span><\/a><\/li>\n<\/ul><\/nav>\n\t\t\t\t<\/div>\n\t\t\t<\/div>Themenwelten \u2013 F\u00fcr jeden Zweck das Richtige Unsere Produkte sind vielseitig einsetzbar \u2013 und manche Kund:innen brauchen direkt die passende Anwendung:Alles f\u00fcr die Tracht Von der Hutschnur bis zum Dirndlknopf: Originale Posamenten f\u00fcr traditionelles Handwerk &amp; Mode.<div class=\"et_pb_module dsm_before_after_image dsm_before_after_image_0\">\n\t\t\t\t\n\t\t\t\t\n\t\t\t\t\n\t\t\t\t\n\t\t\t\t\n\t\t\t\t\n\t\t\t\t<div class=\"et_pb_module_inner\">\n\t\t\t\t\t<div class=\"dsm_before_after_image_wrapper\" data-params=[{\"offset\":\"0.5\",\"orientation\":\"horizontal\",\"overlay\":false,\"hover\":false,\"handle\":true,\"click\":false}]>\n\t\t\t\t\n\t\t\t\t\n\t\t\t\t\n\t\t\t<\/div>\n\t\t\t\t<\/div>\n\t\t\t<\/div>Uniformeffekte &amp; Ordensb\u00e4nder F\u00fcr Milit\u00e4r, Feuerwehr, Polizei und Ehrenzeichen. Ma\u00dfgenaue, normkonforme Anfertigung.Theater- &amp; Raumausstatter Prachtvolle Borten &amp; Quasten f\u00fcr B\u00fchne, Film, Museen &amp; klassisches Interior.Klosterarbeiten &amp; Paramentik Gespinste, Bouillon, Litzen &amp; Stickmaterialien f\u00fcr sakrale Kunst &amp; textile Restauration.<\/p>\n","protected":false},"author":6,"featured_media":0,"parent":0,"menu_order":0,"comment_status":"closed","ping_status":"closed","template":"","meta":{"_et_pb_use_builder":"on","_et_pb_old_content":"","_et_gb_content_width":"","footnotes":""},"class_list":["post-10015","page","type-page","status-publish","hentry"],"yoast_head":"<!-- This site is optimized with the Yoast SEO plugin v27.5 - https:\/\/yoast.com\/product\/yoast-seo-wordpress\/ -->\n<title>Flechterei \u2013 Kordeln &amp; Geflechte | M.MAURER<\/title>\n<meta name=\"description\" content=\"Entdecken Sie unsere Flechterei: handgefertigte Kordeln, Litzen und Geflechte aus Wien. Traditionelle Technik trifft auf h\u00f6chste Qualit\u00e4t.\" \/>\n<meta name=\"robots\" content=\"index, follow, max-snippet:-1, max-image-preview:large, max-video-preview:-1\" \/>\n<link rel=\"canonical\" href=\"https:\/\/www.mmaurer.at\/en\/braiding\/\" \/>\n<meta property=\"og:locale\" content=\"en_GB\" \/>\n<meta property=\"og:type\" content=\"article\" \/>\n<meta property=\"og:title\" content=\"Flechterei \u2013 Kordeln &amp; Geflechte | M.MAURER\" \/>\n<meta property=\"og:description\" content=\"Entdecken Sie unsere Flechterei: handgefertigte Kordeln, Litzen und Geflechte aus Wien. Traditionelle Technik trifft auf h\u00f6chste Qualit\u00e4t.\" \/>\n<meta property=\"og:url\" content=\"https:\/\/www.mmaurer.at\/en\/braiding\/\" \/>\n<meta property=\"og:site_name\" content=\"M.MAURER\" \/>\n<meta property=\"article:modified_time\" content=\"2025-09-11T15:06:02+00:00\" \/>\n<meta name=\"twitter:card\" content=\"summary_large_image\" \/>\n<meta name=\"twitter:label1\" content=\"Estimated reading time\" \/>\n\t<meta name=\"twitter:data1\" content=\"3 minutes\" \/>\n<script type=\"application\/ld+json\" class=\"yoast-schema-graph\">{\"@context\":\"https:\\\/\\\/schema.org\",\"@graph\":[{\"@type\":\"WebPage\",\"@id\":\"https:\\\/\\\/www.mmaurer.at\\\/flechterei\\\/\",\"url\":\"https:\\\/\\\/www.mmaurer.at\\\/flechterei\\\/\",\"name\":\"Flechterei \u2013 Kordeln & Geflechte | M.MAURER\",\"isPartOf\":{\"@id\":\"https:\\\/\\\/www.mmaurer.at\\\/#website\"},\"datePublished\":\"2024-10-27T10:44:27+00:00\",\"dateModified\":\"2025-09-11T15:06:02+00:00\",\"description\":\"Entdecken Sie unsere Flechterei: handgefertigte Kordeln, Litzen und Geflechte aus Wien. Traditionelle Technik trifft auf h\u00f6chste Qualit\u00e4t.\",\"breadcrumb\":{\"@id\":\"https:\\\/\\\/www.mmaurer.at\\\/flechterei\\\/#breadcrumb\"},\"inLanguage\":\"en-GB\",\"potentialAction\":[{\"@type\":\"ReadAction\",\"target\":[\"https:\\\/\\\/www.mmaurer.at\\\/flechterei\\\/\"]}]},{\"@type\":\"BreadcrumbList\",\"@id\":\"https:\\\/\\\/www.mmaurer.at\\\/flechterei\\\/#breadcrumb\",\"itemListElement\":[{\"@type\":\"ListItem\",\"position\":1,\"name\":\"Startseite\",\"item\":\"https:\\\/\\\/www.mmaurer.at\\\/\"},{\"@type\":\"ListItem\",\"position\":2,\"name\":\"Flechterei\"}]},{\"@type\":\"WebSite\",\"@id\":\"https:\\\/\\\/www.mmaurer.at\\\/#website\",\"url\":\"https:\\\/\\\/www.mmaurer.at\\\/\",\"name\":\"M.MAURER\",\"description\":\"Posamente - Geflechte, Zierb\u00e4nder, gewebte Borten, Fransen, Kordeln, Litzen und Quasten, \u00fcberzogene Kn\u00f6pfe und \u00c4hnliches.\",\"potentialAction\":[{\"@type\":\"SearchAction\",\"target\":{\"@type\":\"EntryPoint\",\"urlTemplate\":\"https:\\\/\\\/www.mmaurer.at\\\/?s={search_term_string}\"},\"query-input\":{\"@type\":\"PropertyValueSpecification\",\"valueRequired\":true,\"valueName\":\"search_term_string\"}}],\"inLanguage\":\"en-GB\"}]}<\/script>\n<!-- \/ Yoast SEO plugin. -->","yoast_head_json":{"title":"Flechterei - Cords &amp; Braids | M.MAURER","description":"Discover our braiding workshop: handmade cords, strands and braids from Vienna. Traditional technology meets the highest quality.","robots":{"index":"index","follow":"follow","max-snippet":"max-snippet:-1","max-image-preview":"max-image-preview:large","max-video-preview":"max-video-preview:-1"},"canonical":"https:\/\/www.mmaurer.at\/en\/braiding\/","og_locale":"en_GB","og_type":"article","og_title":"Flechterei \u2013 Kordeln & Geflechte | M.MAURER","og_description":"Entdecken Sie unsere Flechterei: handgefertigte Kordeln, Litzen und Geflechte aus Wien. Traditionelle Technik trifft auf h\u00f6chste Qualit\u00e4t.","og_url":"https:\/\/www.mmaurer.at\/en\/braiding\/","og_site_name":"M.MAURER","article_modified_time":"2025-09-11T15:06:02+00:00","twitter_card":"summary_large_image","twitter_misc":{"Estimated reading time":"3 minutes"},"schema":{"@context":"https:\/\/schema.org","@graph":[{"@type":"WebPage","@id":"https:\/\/www.mmaurer.at\/flechterei\/","url":"https:\/\/www.mmaurer.at\/flechterei\/","name":"Flechterei - Cords &amp; Braids | M.MAURER","isPartOf":{"@id":"https:\/\/www.mmaurer.at\/#website"},"datePublished":"2024-10-27T10:44:27+00:00","dateModified":"2025-09-11T15:06:02+00:00","description":"Discover our braiding workshop: handmade cords, strands and braids from Vienna. Traditional technology meets the highest quality.","breadcrumb":{"@id":"https:\/\/www.mmaurer.at\/flechterei\/#breadcrumb"},"inLanguage":"en-GB","potentialAction":[{"@type":"ReadAction","target":["https:\/\/www.mmaurer.at\/flechterei\/"]}]},{"@type":"BreadcrumbList","@id":"https:\/\/www.mmaurer.at\/flechterei\/#breadcrumb","itemListElement":[{"@type":"ListItem","position":1,"name":"Startseite","item":"https:\/\/www.mmaurer.at\/"},{"@type":"ListItem","position":2,"name":"Flechterei"}]},{"@type":"WebSite","@id":"https:\/\/www.mmaurer.at\/#website","url":"https:\/\/www.mmaurer.at\/","name":"M.MAURER","description":"Trimmings - braids, decorative ribbons, woven borders, fringes, cords, braids and tassels, covered buttons and the like.","potentialAction":[{"@type":"SearchAction","target":{"@type":"EntryPoint","urlTemplate":"https:\/\/www.mmaurer.at\/?s={search_term_string}"},"query-input":{"@type":"PropertyValueSpecification","valueRequired":true,"valueName":"search_term_string"}}],"inLanguage":"en-GB"}]}},"_links":{"self":[{"href":"https:\/\/www.mmaurer.at\/en\/wp-json\/wp\/v2\/pages\/10015","targetHints":{"allow":["GET"]}}],"collection":[{"href":"https:\/\/www.mmaurer.at\/en\/wp-json\/wp\/v2\/pages"}],"about":[{"href":"https:\/\/www.mmaurer.at\/en\/wp-json\/wp\/v2\/types\/page"}],"author":[{"embeddable":true,"href":"https:\/\/www.mmaurer.at\/en\/wp-json\/wp\/v2\/users\/6"}],"replies":[{"embeddable":true,"href":"https:\/\/www.mmaurer.at\/en\/wp-json\/wp\/v2\/comments?post=10015"}],"version-history":[{"count":9,"href":"https:\/\/www.mmaurer.at\/en\/wp-json\/wp\/v2\/pages\/10015\/revisions"}],"predecessor-version":[{"id":12053,"href":"https:\/\/www.mmaurer.at\/en\/wp-json\/wp\/v2\/pages\/10015\/revisions\/12053"}],"wp:attachment":[{"href":"https:\/\/www.mmaurer.at\/en\/wp-json\/wp\/v2\/media?parent=10015"}],"curies":[{"name":"wp","href":"https:\/\/api.w.org\/{rel}","templated":true}]}}