{"id":10033,"date":"2024-10-27T20:56:48","date_gmt":"2024-10-27T19:56:48","guid":{"rendered":"https:\/\/www.mmaurer.at\/?page_id=10033"},"modified":"2025-08-31T15:12:26","modified_gmt":"2025-08-31T13:12:26","slug":"spinning-mill","status":"publish","type":"page","link":"https:\/\/www.mmaurer.at\/en\/spinnerei\/","title":{"rendered":"Spinning mill"},"content":{"rendered":"\n[et_pb_section fb_built=&#8220;1&#8243; _builder_version=&#8220;4.25.1&#8243; _module_preset=&#8220;default&#8220; custom_padding=&#8220;10px||20px||false|false&#8220; global_module=&#8220;4477&#8243; saved_tabs=&#8220;all&#8220; global_colors_info=&#8220;{}&#8220;][et_pb_row column_structure=&#8220;3_4,1_4&#8243; _builder_version=&#8220;4.25.1&#8243; _module_preset=&#8220;default&#8220; custom_padding=&#8220;0px||0px||false|false&#8220; global_colors_info=&#8220;{}&#8220;][et_pb_column type=&#8220;3_4&#8243; _builder_version=&#8220;4.25.1&#8243; _module_preset=&#8220;default&#8220; global_colors_info=&#8220;{}&#8220;][et_pb_menu logo=&#8220;https:\/\/www.mmaurer.at\/wp-content\/uploads\/2024\/10\/MMaurer-160-Jahre-fuer-Mail-GROSS-2.png&#8220; logo_url=&#8220;@ET-DC@eyJkeW5hbWljIjp0cnVlLCJjb250ZW50IjoicG9zdF9saW5rX3VybF9wYWdlIiwic2V0dGluZ3MiOnsicG9zdF9pZCI6IjQ0MjUifX0=@&#8220; logo_width=&#8220;25%&#8220; _builder_version=&#8220;4.25.1&#8243; _dynamic_attributes=&#8220;logo_url&#8220; _module_preset=&#8220;default&#8220; global_colors_info=&#8220;{}&#8220;][\/et_pb_menu][\/et_pb_column][et_pb_column type=&#8220;1_4&#8243; _builder_version=&#8220;4.25.1&#8243; _module_preset=&#8220;default&#8220; global_colors_info=&#8220;{}&#8220;][et_pb_button button_url=&#8220;@ET-DC@eyJkeW5hbWljIjp0cnVlLCJjb250ZW50IjoicG9zdF9saW5rX3VybF9wYWdlIiwic2V0dGluZ3MiOnsicG9zdF9pZCI6IjQ1MTYifX0=@&#8220; button_text=&#8220;Zum Shop f\u00fcr Lagerware&#8220; button_alignment=&#8220;right&#8220; disabled_on=&#8220;off|off|off&#8220; _builder_version=&#8220;4.25.1&#8243; _dynamic_attributes=&#8220;button_url&#8220; _module_preset=&#8220;default&#8220; custom_button=&#8220;on&#8220; button_text_size=&#8220;16px&#8220; button_text_color=&#8220;#FFFFFF&#8220; button_bg_color=&#8220;#3973b9&#8243; button_border_width=&#8220;0px&#8220; button_border_radius=&#8220;10px&#8220; button_font=&#8220;|700|||||||&#8220; custom_margin=&#8220;50px||||false|false&#8220; custom_padding=&#8220;|30px||30px|false|true&#8220; global_colors_info=&#8220;{}&#8220;][\/et_pb_button][\/et_pb_column][\/et_pb_row][\/et_pb_section][et_pb_section fb_built=&#8220;1&#8243; _builder_version=&#8220;4.25.1&#8243; _module_preset=&#8220;default&#8220; background_color=&#8220;gcid-primary-color&#8220; custom_padding=&#8220;45px||40px|||&#8220; global_colors_info=&#8220;{%22gcid-primary-color%22:%91%22background_color%22%93}&#8220;][et_pb_row column_structure=&#8220;2_3,1_3&#8243; _builder_version=&#8220;4.25.1&#8243; _module_preset=&#8220;default&#8220; width=&#8220;80%&#8220; custom_padding=&#8220;5px|||||&#8220; global_colors_info=&#8220;{}&#8220;][et_pb_column type=&#8220;2_3&#8243; _builder_version=&#8220;4.25.1&#8243; _module_preset=&#8220;default&#8220; global_colors_info=&#8220;{}&#8220;][et_pb_text _builder_version=&#8220;4.25.1&#8243; _module_preset=&#8220;default&#8220; text_font=&#8220;||||||||&#8220; text_text_color=&#8220;#FFFFFF&#8220; text_font_size=&#8220;18px&#8220; header_font=&#8220;|800|||||||&#8220; header_font_size=&#8220;35px&#8220; background_layout=&#8220;dark&#8220; custom_margin=&#8220;2px||30px||false|false&#8220; global_colors_info=&#8220;{}&#8220;]<h1 style=\"text-align: left;\"><strong>Spinnerei<\/strong><\/h1>\n<p style=\"text-align: left;\"><\/p>\n<p>Das Spinnen ist eine jahrtausendealte Kunst, die einst vollst\u00e4ndig von Hand ausgef\u00fchrt wurde. Im Jahr 1530 wurde das erste mit einem Pedal angetriebene Fl\u00fcgelspinnrad entwickelt. Dieses Spinnrad \u2013 eine fr\u00fche Form der Spinnmaschine \u2013 konnte den Faden gleichzeitig drehen und auf eine Spule aufwickeln.<\/p>\n<p>Im 18. Jahrhundert entstanden in England die ersten mechanischen Spinnmaschinen, die im Laufe der Zeit weiterentwickelt wurden. Heute gibt es zwei Haupttypen von Spinnmaschinen: die Fl\u00fcgel- und Ringspinnmaschine sowie den Wagenspinner.<\/p>\n<p>Moderne Maschinen arbeiten mit beeindruckender Geschwindigkeit: Eine Drahtspule rotiert mit bis zu 6.000 Umdrehungen pro Minute um einen Textilfaden und umspinnt ihn so, dass die Einlage vollst\u00e4ndig von der Ummantelung verdeckt wird. Auf diese Weise k\u00f6nnen F\u00e4den vergoldet, versilbert oder mit anderen Materialien veredelt werden \u2013 die M\u00f6glichkeiten sind nahezu unbegrenzt.<\/p>\n<p><strong>Unsere Produkte:<\/strong><\/p>\n<ul>\n<li><strong>Bouillon<\/strong> (z. B. f\u00fcr Paramentik)<\/li>\n<li>F\u00e4den und Dr\u00e4hte f\u00fcr Uniformen (versilbert, vergoldet und leonisch)<\/li>\n<li><strong>Dr\u00e4hte<\/strong> (versilbert, vergoldet und leonisch)<\/li>\n<li><strong>Gespinste<\/strong> f\u00fcr verschiedenste Anwendungen<\/li>\n<\/ul>[\/et_pb_text][\/et_pb_column][et_pb_column type=&#8220;1_3&#8243; _builder_version=&#8220;4.25.1&#8243; _module_preset=&#8220;default&#8220; global_colors_info=&#8220;{}&#8220;][dsm_menu title=&#8220;Alle Fertigungsarten&#8220; menu_id=&#8220;198&#8243; menu_link_text_color=&#8220;#FFFFFF&#8220; active_link_color=&#8220;#FFFFFF&#8220; menu_link_text_active_color=&#8220;#FFFFFF&#8220; menu_link_text_visited_color=&#8220;#FFFFFF&#8220; list_style_type=&#8220;circle&#8220; list_style_color=&#8220;#FFFFFF&#8220; _builder_version=&#8220;4.25.1&#8243; _module_preset=&#8220;default&#8220; header_font=&#8220;|700|||||||&#8220; header_text_color=&#8220;#FFFFFF&#8220; background_color=&#8220;rgba(255,255,255,0.08)&#8220; custom_padding=&#8220;40px|20px|20px|40px|false|false&#8220; border_radii=&#8220;on|30px|30px|30px|30px&#8220; box_shadow_style=&#8220;preset1&#8243; global_module=&#8220;10398&#8243; saved_tabs=&#8220;all&#8220; global_colors_info=&#8220;{}&#8220;][\/dsm_menu][\/et_pb_column][\/et_pb_row][\/et_pb_section][et_pb_section fb_built=&#8220;1&#8243; admin_label=&#8220;Gallery Section&#8220; _builder_version=&#8220;4.16&#8243; custom_padding=&#8220;55px||22px|||&#8220; global_colors_info=&#8220;{}&#8220;][et_pb_row column_structure=&#8220;1_2,1_4,1_4&#8243; use_custom_gutter=&#8220;on&#8220; gutter_width=&#8220;2&#8243; _builder_version=&#8220;4.25.1&#8243; max_width=&#8220;1440px&#8220; border_radii=&#8220;on|30px|30px|30px|30px&#8220; use_custom_width=&#8220;on&#8220; custom_width_px=&#8220;1440px&#8220; global_colors_info=&#8220;{}&#8220;][et_pb_column type=&#8220;1_2&#8243; _builder_version=&#8220;4.16&#8243; custom_padding=&#8220;|||&#8220; global_colors_info=&#8220;{}&#8220; custom_padding__hover=&#8220;|||&#8220;][et_pb_image src=&#8220;https:\/\/www.mmaurer.at\/wp-content\/uploads\/2024\/10\/IMG_7682.jpeg&#8220; title_text=&#8220;IMG_7682&#8243; show_in_lightbox=&#8220;on&#8220; force_fullwidth=&#8220;on&#8220; align_tablet=&#8220;center&#8220; align_phone=&#8220;&#8220; align_last_edited=&#8220;on|desktop&#8220; _builder_version=&#8220;4.25.1&#8243; animation_style=&#8220;slide&#8220; animation_direction=&#8220;left&#8220; animation_intensity_slide=&#8220;5%&#8220; animation_starting_opacity=&#8220;100%&#8220; global_colors_info=&#8220;{}&#8220;][\/et_pb_image][\/et_pb_column][et_pb_column type=&#8220;1_4&#8243; _builder_version=&#8220;4.16&#8243; custom_padding=&#8220;|||&#8220; global_colors_info=&#8220;{}&#8220; custom_padding__hover=&#8220;|||&#8220;][et_pb_image src=&#8220;https:\/\/www.mmaurer.at\/wp-content\/uploads\/2024\/10\/IMG_7677.jpeg&#8220; title_text=&#8220;IMG_7677&#8243; show_in_lightbox=&#8220;on&#8220; force_fullwidth=&#8220;on&#8220; align_tablet=&#8220;center&#8220; align_phone=&#8220;&#8220; align_last_edited=&#8220;on|desktop&#8220; _builder_version=&#8220;4.25.1&#8243; animation_style=&#8220;slide&#8220; animation_direction=&#8220;top&#8220; animation_intensity_slide=&#8220;5%&#8220; animation_starting_opacity=&#8220;100%&#8220; locked=&#8220;off&#8220; global_colors_info=&#8220;{}&#8220;][\/et_pb_image][et_pb_image src=&#8220;https:\/\/www.mmaurer.at\/wp-content\/uploads\/2024\/10\/IMG_7683.jpeg&#8220; title_text=&#8220;IMG_7683&#8243; show_in_lightbox=&#8220;on&#8220; force_fullwidth=&#8220;on&#8220; align_tablet=&#8220;center&#8220; align_phone=&#8220;&#8220; align_last_edited=&#8220;on|desktop&#8220; _builder_version=&#8220;4.25.1&#8243; custom_margin=&#8220;|||&#8220; custom_padding=&#8220;15px|||&#8220; animation_style=&#8220;slide&#8220; animation_intensity_slide=&#8220;5%&#8220; animation_starting_opacity=&#8220;100%&#8220; locked=&#8220;off&#8220; global_colors_info=&#8220;{}&#8220;][\/et_pb_image][\/et_pb_column][et_pb_column type=&#8220;1_4&#8243; _builder_version=&#8220;4.16&#8243; custom_padding=&#8220;|||&#8220; global_colors_info=&#8220;{}&#8220; custom_padding__hover=&#8220;|||&#8220;][et_pb_image src=&#8220;https:\/\/www.mmaurer.at\/wp-content\/uploads\/2024\/10\/IMG_7671.jpeg&#8220; title_text=&#8220;IMG_7671&#8243; show_in_lightbox=&#8220;on&#8220; force_fullwidth=&#8220;on&#8220; align_tablet=&#8220;center&#8220; align_phone=&#8220;&#8220; align_last_edited=&#8220;on|desktop&#8220; _builder_version=&#8220;4.25.1&#8243; animation_style=&#8220;slide&#8220; animation_direction=&#8220;right&#8220; animation_intensity_slide=&#8220;5%&#8220; animation_starting_opacity=&#8220;100%&#8220; locked=&#8220;off&#8220; global_colors_info=&#8220;{}&#8220;][\/et_pb_image][et_pb_image src=&#8220;https:\/\/www.mmaurer.at\/wp-content\/uploads\/2024\/10\/IMG_7678.jpeg&#8220; title_text=&#8220;IMG_7678&#8243; show_in_lightbox=&#8220;on&#8220; force_fullwidth=&#8220;on&#8220; align_tablet=&#8220;center&#8220; align_phone=&#8220;&#8220; align_last_edited=&#8220;on|desktop&#8220; _builder_version=&#8220;4.25.1&#8243; custom_padding=&#8220;15px|||&#8220; animation_style=&#8220;slide&#8220; animation_direction=&#8220;right&#8220; animation_intensity_slide=&#8220;5%&#8220; animation_starting_opacity=&#8220;100%&#8220; locked=&#8220;off&#8220; global_colors_info=&#8220;{}&#8220;][\/et_pb_image][\/et_pb_column][\/et_pb_row][\/et_pb_section][et_pb_section fb_built=&#8220;1&#8243; _builder_version=&#8220;4.25.1&#8243; _module_preset=&#8220;default&#8220; custom_padding=&#8220;20px||70px||false|false&#8220; global_module=&#8220;4778&#8243; saved_tabs=&#8220;all&#8220; global_colors_info=&#8220;{}&#8220;][et_pb_row _builder_version=&#8220;4.25.1&#8243; _module_preset=&#8220;default&#8220; global_colors_info=&#8220;{}&#8220;][et_pb_column type=&#8220;4_4&#8243; _builder_version=&#8220;4.25.1&#8243; _module_preset=&#8220;default&#8220; global_colors_info=&#8220;{}&#8220;][et_pb_text _builder_version=&#8220;4.25.1&#8243; _module_preset=&#8220;default&#8220; global_colors_info=&#8220;{}&#8220;]<h2><strong>Unsere Hauptkategorien<\/strong><\/h2>[\/et_pb_text][\/et_pb_column][\/et_pb_row][et_pb_row column_structure=&#8220;1_4,1_4,1_4,1_4&#8243; use_custom_gutter=&#8220;on&#8220; gutter_width=&#8220;1&#8243; _builder_version=&#8220;4.25.1&#8243; _module_preset=&#8220;default&#8220; global_colors_info=&#8220;{}&#8220;][et_pb_column type=&#8220;1_4&#8243; _builder_version=&#8220;4.25.1&#8243; _module_preset=&#8220;default&#8220; global_colors_info=&#8220;{}&#8220;][et_pb_image src=&#8220;https:\/\/www.mmaurer.at\/wp-content\/uploads\/2021\/05\/MM_tracht-2.jpg&#8220; url=&#8220;@ET-DC@eyJkeW5hbWljIjp0cnVlLCJjb250ZW50IjoicG9zdF9saW5rX3VybF9wYWdlIiwic2V0dGluZ3MiOnsicG9zdF9pZCI6IjEwMjE4In19@&#8220; _builder_version=&#8220;4.25.1&#8243; _dynamic_attributes=&#8220;url&#8220; _module_preset=&#8220;default&#8220; global_colors_info=&#8220;{}&#8220;][\/et_pb_image][dsm_before_after_image _builder_version=&#8220;4.25.1&#8243; _module_preset=&#8220;default&#8220; global_colors_info=&#8220;{}&#8220;][\/dsm_before_after_image][\/et_pb_column][et_pb_column type=&#8220;1_4&#8243; _builder_version=&#8220;4.25.1&#8243; _module_preset=&#8220;default&#8220; global_colors_info=&#8220;{}&#8220;][et_pb_image src=&#8220;https:\/\/www.mmaurer.at\/wp-content\/uploads\/2021\/05\/MM_uni3.jpg&#8220; url=&#8220;@ET-DC@eyJkeW5hbWljIjp0cnVlLCJjb250ZW50IjoicG9zdF9saW5rX3VybF9wYWdlIiwic2V0dGluZ3MiOnsicG9zdF9pZCI6IjEwMjUzIn19@&#8220; _builder_version=&#8220;4.25.1&#8243; _dynamic_attributes=&#8220;url&#8220; _module_preset=&#8220;default&#8220; global_colors_info=&#8220;{}&#8220;][\/et_pb_image][\/et_pb_column][et_pb_column type=&#8220;1_4&#8243; _builder_version=&#8220;4.25.1&#8243; _module_preset=&#8220;default&#8220; global_colors_info=&#8220;{}&#8220;][et_pb_image src=&#8220;https:\/\/www.mmaurer.at\/wp-content\/uploads\/2021\/05\/MM_raum.jpg&#8220; url=&#8220;@ET-DC@eyJkeW5hbWljIjp0cnVlLCJjb250ZW50IjoicG9zdF9saW5rX3VybF9wYWdlIiwic2V0dGluZ3MiOnsicG9zdF9pZCI6IjEwMjY2In19@&#8220; _builder_version=&#8220;4.25.1&#8243; _dynamic_attributes=&#8220;url&#8220; _module_preset=&#8220;default&#8220; global_colors_info=&#8220;{}&#8220;][\/et_pb_image][\/et_pb_column][et_pb_column type=&#8220;1_4&#8243; _builder_version=&#8220;4.25.1&#8243; _module_preset=&#8220;default&#8220; global_colors_info=&#8220;{}&#8220;][et_pb_image src=&#8220;https:\/\/www.mmaurer.at\/wp-content\/uploads\/2021\/05\/MM_para.jpg&#8220; url=&#8220;@ET-DC@eyJkeW5hbWljIjp0cnVlLCJjb250ZW50IjoicG9zdF9saW5rX3VybF9wYWdlIiwic2V0dGluZ3MiOnsicG9zdF9pZCI6IjEwMjc5In19@&#8220; _builder_version=&#8220;4.25.1&#8243; _dynamic_attributes=&#8220;url&#8220; _module_preset=&#8220;default&#8220; global_colors_info=&#8220;{}&#8220;][\/et_pb_image][\/et_pb_column][\/et_pb_row][\/et_pb_section]\n","protected":false},"excerpt":{"rendered":"<p>Spinnerei Das Spinnen ist eine jahrtausendealte Kunst, die einst vollst\u00e4ndig von Hand ausgef\u00fchrt wurde. Im Jahr 1530 wurde das erste mit einem Pedal angetriebene Fl\u00fcgelspinnrad entwickelt. Dieses Spinnrad \u2013 eine fr\u00fche Form der Spinnmaschine \u2013 konnte den Faden gleichzeitig drehen und auf eine Spule aufwickeln. Im 18. Jahrhundert entstanden in England die ersten mechanischen Spinnmaschinen, die im Laufe der Zeit weiterentwickelt wurden. Heute gibt es zwei Haupttypen von Spinnmaschinen: die Fl\u00fcgel- und Ringspinnmaschine sowie den Wagenspinner. Moderne Maschinen arbeiten mit beeindruckender Geschwindigkeit: Eine Drahtspule rotiert mit bis zu 6.000 Umdrehungen pro Minute um einen Textilfaden und umspinnt ihn so, dass die Einlage vollst\u00e4ndig von der Ummantelung verdeckt wird. Auf diese Weise k\u00f6nnen F\u00e4den vergoldet, versilbert oder mit anderen Materialien veredelt werden \u2013 die M\u00f6glichkeiten sind nahezu unbegrenzt. Unsere Produkte: Bouillon (z. B. f\u00fcr Paramentik) F\u00e4den und Dr\u00e4hte f\u00fcr Uniformen (versilbert, vergoldet und leonisch) Dr\u00e4hte (versilbert, vergoldet und leonisch) Gespinste f\u00fcr verschiedenste Anwendungen <div class=\"et_pb_module dsm_menu dsm_menu_0  et_pb_text_align_left et_pb_bg_layout_light\">\n\t\t\t\t\n\t\t\t\t\n\t\t\t\t\n\t\t\t\t\n\t\t\t\t\n\t\t\t\t\n\t\t\t\t<div class=\"et_pb_module_inner\">\n\t\t\t\t\t<h4 class=\"dsm-menu-title et_pb_module_header\">Alle Fertigungsarten<\/h4><nav class=\"dsm-menu-container\" role=navigation itemscope itemtype=http:\/\/schema.org\/SiteNavigationElement><ul id=\"menu-fertigung\" class=\"dsm-menu dsm-menu-style-type-circle dsm-menu-layout-vertical\"><li id=\"menu-item-10327\" class=\"et_pb_menu_page_id-9995 menu-item menu-item-type-post_type menu-item-object-page menu-item-10327\"><a href=\"https:\/\/www.mmaurer.at\/en\/stickerei\/\" itemprop=\"url\" data-wpel-link=\"internal\"><span itemprop=\"name\">Stickerei<\/span><\/a><\/li>\n<li id=\"menu-item-10326\" class=\"et_pb_menu_page_id-10015 menu-item menu-item-type-post_type menu-item-object-page menu-item-10326\"><a href=\"https:\/\/www.mmaurer.at\/en\/flechterei\/\" itemprop=\"url\" data-wpel-link=\"internal\"><span itemprop=\"name\">Flechterei<\/span><\/a><\/li>\n<li id=\"menu-item-10325\" class=\"et_pb_menu_page_id-10021 menu-item menu-item-type-post_type menu-item-object-page menu-item-10325\"><a href=\"https:\/\/www.mmaurer.at\/en\/galon\/\" itemprop=\"url\" data-wpel-link=\"internal\"><span itemprop=\"name\">Galon<\/span><\/a><\/li>\n<li id=\"menu-item-10324\" class=\"et_pb_menu_page_id-10029 menu-item menu-item-type-post_type menu-item-object-page menu-item-10324\"><a href=\"https:\/\/www.mmaurer.at\/en\/weberei\/\" itemprop=\"url\" data-wpel-link=\"internal\"><span itemprop=\"name\">Weberei<\/span><\/a><\/li>\n<li id=\"menu-item-10323\" class=\"et_pb_menu_page_id-10033 menu-item menu-item-type-post_type menu-item-object-page menu-item-10323\"><a href=\"https:\/\/www.mmaurer.at\/en\/spinnerei\/\" itemprop=\"url\" data-wpel-link=\"internal\"><span itemprop=\"name\">Spinnerei<\/span><\/a><\/li>\n<li id=\"menu-item-10328\" class=\"et_pb_menu_page_id-10043 menu-item menu-item-type-post_type menu-item-object-page menu-item-10328\"><a href=\"https:\/\/www.mmaurer.at\/en\/handarbeit\/\" itemprop=\"url\" data-wpel-link=\"internal\"><span itemprop=\"name\">Handarbeit<\/span><\/a><\/li>\n<\/ul><\/nav>\n\t\t\t\t<\/div>\n\t\t\t<\/div>Unsere Hauptkategorien<div class=\"et_pb_module dsm_before_after_image dsm_before_after_image_0\">\n\t\t\t\t\n\t\t\t\t\n\t\t\t\t\n\t\t\t\t\n\t\t\t\t\n\t\t\t\t\n\t\t\t\t<div class=\"et_pb_module_inner\">\n\t\t\t\t\t<div class=\"dsm_before_after_image_wrapper\" data-params=[{\"offset\":\"0.5\",\"orientation\":\"horizontal\",\"overlay\":false,\"hover\":false,\"handle\":true,\"click\":false}]>\n\t\t\t\t\n\t\t\t\t\n\t\t\t\t\n\t\t\t<\/div>\n\t\t\t\t<\/div>\n\t\t\t<\/div><\/p>\n","protected":false},"author":6,"featured_media":0,"parent":0,"menu_order":0,"comment_status":"closed","ping_status":"closed","template":"","meta":{"_et_pb_use_builder":"on","_et_pb_old_content":"","_et_gb_content_width":"","footnotes":""},"class_list":["post-10033","page","type-page","status-publish","hentry"],"yoast_head":"<!-- This site is optimized with the Yoast SEO plugin v27.5 - https:\/\/yoast.com\/product\/yoast-seo-wordpress\/ -->\n<title>Spinnerei | M.MAURER<\/title>\n<meta name=\"description\" content=\"Unsere Spinnerei in Wien produziert hochwertige Garne und F\u00e4den f\u00fcr Posamenten, Stickerei und Handarbeit \u2013 traditionell gefertigt seit 1863.\" \/>\n<meta name=\"robots\" content=\"index, follow, max-snippet:-1, max-image-preview:large, max-video-preview:-1\" \/>\n<link rel=\"canonical\" href=\"https:\/\/www.mmaurer.at\/en\/spinning-mill\/\" \/>\n<meta property=\"og:locale\" content=\"en_GB\" \/>\n<meta property=\"og:type\" content=\"article\" \/>\n<meta property=\"og:title\" content=\"Spinnerei | M.MAURER\" \/>\n<meta property=\"og:description\" content=\"Unsere Spinnerei in Wien produziert hochwertige Garne und F\u00e4den f\u00fcr Posamenten, Stickerei und Handarbeit \u2013 traditionell gefertigt seit 1863.\" \/>\n<meta property=\"og:url\" content=\"https:\/\/www.mmaurer.at\/en\/spinning-mill\/\" \/>\n<meta property=\"og:site_name\" content=\"M.MAURER\" \/>\n<meta property=\"article:modified_time\" content=\"2025-08-31T13:12:26+00:00\" \/>\n<meta name=\"twitter:card\" content=\"summary_large_image\" \/>\n<meta name=\"twitter:label1\" content=\"Estimated reading time\" \/>\n\t<meta name=\"twitter:data1\" content=\"4 minutes\" \/>\n<script type=\"application\/ld+json\" class=\"yoast-schema-graph\">{\"@context\":\"https:\\\/\\\/schema.org\",\"@graph\":[{\"@type\":\"WebPage\",\"@id\":\"https:\\\/\\\/www.mmaurer.at\\\/spinnerei\\\/\",\"url\":\"https:\\\/\\\/www.mmaurer.at\\\/spinnerei\\\/\",\"name\":\"Spinnerei | M.MAURER\",\"isPartOf\":{\"@id\":\"https:\\\/\\\/www.mmaurer.at\\\/#website\"},\"datePublished\":\"2024-10-27T19:56:48+00:00\",\"dateModified\":\"2025-08-31T13:12:26+00:00\",\"description\":\"Unsere Spinnerei in Wien produziert hochwertige Garne und F\u00e4den f\u00fcr Posamenten, Stickerei und Handarbeit \u2013 traditionell gefertigt seit 1863.\",\"breadcrumb\":{\"@id\":\"https:\\\/\\\/www.mmaurer.at\\\/spinnerei\\\/#breadcrumb\"},\"inLanguage\":\"en-GB\",\"potentialAction\":[{\"@type\":\"ReadAction\",\"target\":[\"https:\\\/\\\/www.mmaurer.at\\\/spinnerei\\\/\"]}]},{\"@type\":\"BreadcrumbList\",\"@id\":\"https:\\\/\\\/www.mmaurer.at\\\/spinnerei\\\/#breadcrumb\",\"itemListElement\":[{\"@type\":\"ListItem\",\"position\":1,\"name\":\"Startseite\",\"item\":\"https:\\\/\\\/www.mmaurer.at\\\/\"},{\"@type\":\"ListItem\",\"position\":2,\"name\":\"Spinnerei\"}]},{\"@type\":\"WebSite\",\"@id\":\"https:\\\/\\\/www.mmaurer.at\\\/#website\",\"url\":\"https:\\\/\\\/www.mmaurer.at\\\/\",\"name\":\"M.MAURER\",\"description\":\"Posamente - Geflechte, Zierb\u00e4nder, gewebte Borten, Fransen, Kordeln, Litzen und Quasten, \u00fcberzogene Kn\u00f6pfe und \u00c4hnliches.\",\"potentialAction\":[{\"@type\":\"SearchAction\",\"target\":{\"@type\":\"EntryPoint\",\"urlTemplate\":\"https:\\\/\\\/www.mmaurer.at\\\/?s={search_term_string}\"},\"query-input\":{\"@type\":\"PropertyValueSpecification\",\"valueRequired\":true,\"valueName\":\"search_term_string\"}}],\"inLanguage\":\"en-GB\"}]}<\/script>\n<!-- \/ Yoast SEO plugin. -->","yoast_head_json":{"title":"Spinning mill | M.MAURER","description":"Our spinning mill in Vienna produces high-quality yarns and threads for trimmings, embroidery and needlework - traditionally manufactured since 1863.","robots":{"index":"index","follow":"follow","max-snippet":"max-snippet:-1","max-image-preview":"max-image-preview:large","max-video-preview":"max-video-preview:-1"},"canonical":"https:\/\/www.mmaurer.at\/en\/spinning-mill\/","og_locale":"en_GB","og_type":"article","og_title":"Spinnerei | M.MAURER","og_description":"Unsere Spinnerei in Wien produziert hochwertige Garne und F\u00e4den f\u00fcr Posamenten, Stickerei und Handarbeit \u2013 traditionell gefertigt seit 1863.","og_url":"https:\/\/www.mmaurer.at\/en\/spinning-mill\/","og_site_name":"M.MAURER","article_modified_time":"2025-08-31T13:12:26+00:00","twitter_card":"summary_large_image","twitter_misc":{"Estimated reading time":"4 minutes"},"schema":{"@context":"https:\/\/schema.org","@graph":[{"@type":"WebPage","@id":"https:\/\/www.mmaurer.at\/spinnerei\/","url":"https:\/\/www.mmaurer.at\/spinnerei\/","name":"Spinning mill | M.MAURER","isPartOf":{"@id":"https:\/\/www.mmaurer.at\/#website"},"datePublished":"2024-10-27T19:56:48+00:00","dateModified":"2025-08-31T13:12:26+00:00","description":"Our spinning mill in Vienna produces high-quality yarns and threads for trimmings, embroidery and needlework - traditionally manufactured since 1863.","breadcrumb":{"@id":"https:\/\/www.mmaurer.at\/spinnerei\/#breadcrumb"},"inLanguage":"en-GB","potentialAction":[{"@type":"ReadAction","target":["https:\/\/www.mmaurer.at\/spinnerei\/"]}]},{"@type":"BreadcrumbList","@id":"https:\/\/www.mmaurer.at\/spinnerei\/#breadcrumb","itemListElement":[{"@type":"ListItem","position":1,"name":"Startseite","item":"https:\/\/www.mmaurer.at\/"},{"@type":"ListItem","position":2,"name":"Spinnerei"}]},{"@type":"WebSite","@id":"https:\/\/www.mmaurer.at\/#website","url":"https:\/\/www.mmaurer.at\/","name":"M.MAURER","description":"Trimmings - braids, decorative ribbons, woven borders, fringes, cords, braids and tassels, covered buttons and the like.","potentialAction":[{"@type":"SearchAction","target":{"@type":"EntryPoint","urlTemplate":"https:\/\/www.mmaurer.at\/?s={search_term_string}"},"query-input":{"@type":"PropertyValueSpecification","valueRequired":true,"valueName":"search_term_string"}}],"inLanguage":"en-GB"}]}},"_links":{"self":[{"href":"https:\/\/www.mmaurer.at\/en\/wp-json\/wp\/v2\/pages\/10033","targetHints":{"allow":["GET"]}}],"collection":[{"href":"https:\/\/www.mmaurer.at\/en\/wp-json\/wp\/v2\/pages"}],"about":[{"href":"https:\/\/www.mmaurer.at\/en\/wp-json\/wp\/v2\/types\/page"}],"author":[{"embeddable":true,"href":"https:\/\/www.mmaurer.at\/en\/wp-json\/wp\/v2\/users\/6"}],"replies":[{"embeddable":true,"href":"https:\/\/www.mmaurer.at\/en\/wp-json\/wp\/v2\/comments?post=10033"}],"version-history":[{"count":10,"href":"https:\/\/www.mmaurer.at\/en\/wp-json\/wp\/v2\/pages\/10033\/revisions"}],"predecessor-version":[{"id":12011,"href":"https:\/\/www.mmaurer.at\/en\/wp-json\/wp\/v2\/pages\/10033\/revisions\/12011"}],"wp:attachment":[{"href":"https:\/\/www.mmaurer.at\/en\/wp-json\/wp\/v2\/media?parent=10033"}],"curies":[{"name":"wp","href":"https:\/\/api.w.org\/{rel}","templated":true}]}}