{"id":10218,"date":"2024-12-17T16:23:57","date_gmt":"2024-12-17T15:23:57","guid":{"rendered":"https:\/\/www.mmaurer.at\/?page_id=10218"},"modified":"2025-08-31T14:44:45","modified_gmt":"2025-08-31T12:44:45","slug":"everything-for-the-costume","status":"publish","type":"page","link":"https:\/\/www.mmaurer.at\/en\/alles-fuer-die-tracht\/","title":{"rendered":"Everything for the traditional costume"},"content":{"rendered":"\n[et_pb_section fb_built=&#8220;1&#8243; _builder_version=&#8220;4.25.1&#8243; _module_preset=&#8220;default&#8220; custom_padding=&#8220;10px||20px||false|false&#8220; global_module=&#8220;4477&#8243; saved_tabs=&#8220;all&#8220; global_colors_info=&#8220;{}&#8220;][et_pb_row column_structure=&#8220;3_4,1_4&#8243; _builder_version=&#8220;4.25.1&#8243; _module_preset=&#8220;default&#8220; custom_padding=&#8220;0px||0px||false|false&#8220; global_colors_info=&#8220;{}&#8220;][et_pb_column type=&#8220;3_4&#8243; _builder_version=&#8220;4.25.1&#8243; _module_preset=&#8220;default&#8220; global_colors_info=&#8220;{}&#8220;][et_pb_menu logo=&#8220;https:\/\/www.mmaurer.at\/wp-content\/uploads\/2024\/10\/MMaurer-160-Jahre-fuer-Mail-GROSS-2.png&#8220; logo_url=&#8220;@ET-DC@eyJkeW5hbWljIjp0cnVlLCJjb250ZW50IjoicG9zdF9saW5rX3VybF9wYWdlIiwic2V0dGluZ3MiOnsicG9zdF9pZCI6IjQ0MjUifX0=@&#8220; logo_width=&#8220;25%&#8220; _builder_version=&#8220;4.25.1&#8243; _dynamic_attributes=&#8220;logo_url&#8220; _module_preset=&#8220;default&#8220; global_colors_info=&#8220;{}&#8220;][\/et_pb_menu][\/et_pb_column][et_pb_column type=&#8220;1_4&#8243; _builder_version=&#8220;4.25.1&#8243; _module_preset=&#8220;default&#8220; global_colors_info=&#8220;{}&#8220;][et_pb_button button_url=&#8220;@ET-DC@eyJkeW5hbWljIjp0cnVlLCJjb250ZW50IjoicG9zdF9saW5rX3VybF9wYWdlIiwic2V0dGluZ3MiOnsicG9zdF9pZCI6IjQ1MTYifX0=@&#8220; button_text=&#8220;Zum Shop f\u00fcr Lagerware&#8220; button_alignment=&#8220;right&#8220; disabled_on=&#8220;off|off|off&#8220; _builder_version=&#8220;4.25.1&#8243; _dynamic_attributes=&#8220;button_url&#8220; _module_preset=&#8220;default&#8220; custom_button=&#8220;on&#8220; button_text_size=&#8220;16px&#8220; button_text_color=&#8220;#FFFFFF&#8220; button_bg_color=&#8220;#3973b9&#8243; button_border_width=&#8220;0px&#8220; button_border_radius=&#8220;10px&#8220; button_font=&#8220;|700|||||||&#8220; custom_margin=&#8220;50px||||false|false&#8220; custom_padding=&#8220;|30px||30px|false|true&#8220; global_colors_info=&#8220;{}&#8220;][\/et_pb_button][\/et_pb_column][\/et_pb_row][\/et_pb_section][et_pb_section fb_built=&#8220;1&#8243; _builder_version=&#8220;4.25.1&#8243; _module_preset=&#8220;default&#8220; custom_padding=&#8220;30px||5px|||&#8220; global_colors_info=&#8220;{}&#8220;][et_pb_row column_structure=&#8220;3_5,2_5&#8243; _builder_version=&#8220;4.25.1&#8243; _module_preset=&#8220;default&#8220; width=&#8220;80%&#8220; custom_margin=&#8220;||50px||false|false&#8220; global_colors_info=&#8220;{}&#8220;][et_pb_column type=&#8220;3_5&#8243; _builder_version=&#8220;4.25.1&#8243; _module_preset=&#8220;default&#8220; global_colors_info=&#8220;{}&#8220;][et_pb_text _builder_version=&#8220;4.25.1&#8243; _module_preset=&#8220;default&#8220; custom_margin=&#8220;||0px|||&#8220; custom_padding=&#8220;||17px|||&#8220; global_colors_info=&#8220;{}&#8220;]<h1 style=\"text-align: left;\"><strong>Verzierung ohne Funktion, aber mit viel Charme!<\/strong><\/h1>[\/et_pb_text][et_pb_text _builder_version=&#8220;4.25.1&#8243; _module_preset=&#8220;default&#8220; global_colors_info=&#8220;{}&#8220;]<p>Es kommt h\u00e4ufig vor, dass uns eine Tracht besonders begeistert \u2013 vor allem, wenn sie mit exklusiven Auszierungen und Besatzartikeln veredelt wurde. Die prachtvollen Posamenten, die bei Trachten keine praktische Funktion haben, dienen als reine Schmuckelemente. Sie machen jedes Dirndl und jeden Trachtenanzug zu einem echten Hingucker.<\/p>\n<p>In unserem Reiter <strong>\u201eProdukte\u201c<\/strong> finden Sie unter anderem:<\/p>\n<ul>\n<li>Trachtenborten<\/li>\n<li>B\u00e4nder<\/li>\n<li>Krepinen<\/li>\n<li>Hutschn\u00fcre<\/li>\n<\/ul>\n<p>Neben unseren Standardanfertigungen entwickeln wir gemeinsam mit unseren Kunden individuelle Produkte, die jeder Tracht ihre ganz pers\u00f6nliche Note verleihen.<\/p>\n<p>Gerne fertigen wir auch Schn\u00fcre und Hutgarnituren speziell f\u00fcr Trachten- und Musikvereine an.<\/p>[\/et_pb_text][\/et_pb_column][et_pb_column type=&#8220;2_5&#8243; _builder_version=&#8220;4.25.1&#8243; _module_preset=&#8220;default&#8220; global_colors_info=&#8220;{}&#8220;][et_pb_image src=&#8220;https:\/\/www.mmaurer.at\/wp-content\/uploads\/2024\/12\/IMG_7894.jpeg&#8220; title_text=&#8220;IMG_7894&#8243; _builder_version=&#8220;4.25.1&#8243; _module_preset=&#8220;default&#8220; global_colors_info=&#8220;{}&#8220;][\/et_pb_image][\/et_pb_column][\/et_pb_row][et_pb_row _builder_version=&#8220;4.25.1&#8243; _module_preset=&#8220;default&#8220; custom_padding=&#8220;5px|||||&#8220; global_colors_info=&#8220;{}&#8220;][et_pb_column type=&#8220;4_4&#8243; _builder_version=&#8220;4.25.1&#8243; _module_preset=&#8220;default&#8220; global_colors_info=&#8220;{}&#8220;][dsm_filterable_gallery gallery_ids=&#8220;10224,10225,10226,10227,10228,10229,10230,10231,10232,10233,10234,10235,10236,10237,10238,10239,10240,10241,10242,10243,10244,10245,10246,10247,10248,10249,10250&#8243; dsm_number_of_columns=&#8220;4&#8243; _builder_version=&#8220;4.25.1&#8243; _module_preset=&#8220;default&#8220; global_colors_info=&#8220;{}&#8220;][\/dsm_filterable_gallery][\/et_pb_column][\/et_pb_row][\/et_pb_section][et_pb_section fb_built=&#8220;1&#8243; _builder_version=&#8220;4.25.1&#8243; _module_preset=&#8220;default&#8220; custom_padding=&#8220;20px||70px||false|false&#8220; global_module=&#8220;4778&#8243; saved_tabs=&#8220;all&#8220; global_colors_info=&#8220;{}&#8220;][et_pb_row _builder_version=&#8220;4.25.1&#8243; _module_preset=&#8220;default&#8220; global_colors_info=&#8220;{}&#8220;][et_pb_column type=&#8220;4_4&#8243; _builder_version=&#8220;4.25.1&#8243; _module_preset=&#8220;default&#8220; global_colors_info=&#8220;{}&#8220;][et_pb_text _builder_version=&#8220;4.25.1&#8243; _module_preset=&#8220;default&#8220; global_colors_info=&#8220;{}&#8220;]<h2><strong>Unsere Hauptkategorien<\/strong><\/h2>[\/et_pb_text][\/et_pb_column][\/et_pb_row][et_pb_row column_structure=&#8220;1_4,1_4,1_4,1_4&#8243; use_custom_gutter=&#8220;on&#8220; gutter_width=&#8220;1&#8243; _builder_version=&#8220;4.25.1&#8243; _module_preset=&#8220;default&#8220; global_colors_info=&#8220;{}&#8220;][et_pb_column type=&#8220;1_4&#8243; _builder_version=&#8220;4.25.1&#8243; _module_preset=&#8220;default&#8220; global_colors_info=&#8220;{}&#8220;][et_pb_image src=&#8220;https:\/\/www.mmaurer.at\/wp-content\/uploads\/2021\/05\/MM_tracht-2.jpg&#8220; url=&#8220;@ET-DC@eyJkeW5hbWljIjp0cnVlLCJjb250ZW50IjoicG9zdF9saW5rX3VybF9wYWdlIiwic2V0dGluZ3MiOnsicG9zdF9pZCI6IjEwMjE4In19@&#8220; _builder_version=&#8220;4.25.1&#8243; _dynamic_attributes=&#8220;url&#8220; _module_preset=&#8220;default&#8220; global_colors_info=&#8220;{}&#8220;][\/et_pb_image][dsm_before_after_image _builder_version=&#8220;4.25.1&#8243; _module_preset=&#8220;default&#8220; global_colors_info=&#8220;{}&#8220;][\/dsm_before_after_image][\/et_pb_column][et_pb_column type=&#8220;1_4&#8243; _builder_version=&#8220;4.25.1&#8243; _module_preset=&#8220;default&#8220; global_colors_info=&#8220;{}&#8220;][et_pb_image src=&#8220;https:\/\/www.mmaurer.at\/wp-content\/uploads\/2021\/05\/MM_uni3.jpg&#8220; url=&#8220;@ET-DC@eyJkeW5hbWljIjp0cnVlLCJjb250ZW50IjoicG9zdF9saW5rX3VybF9wYWdlIiwic2V0dGluZ3MiOnsicG9zdF9pZCI6IjEwMjUzIn19@&#8220; _builder_version=&#8220;4.25.1&#8243; _dynamic_attributes=&#8220;url&#8220; _module_preset=&#8220;default&#8220; global_colors_info=&#8220;{}&#8220;][\/et_pb_image][\/et_pb_column][et_pb_column type=&#8220;1_4&#8243; _builder_version=&#8220;4.25.1&#8243; _module_preset=&#8220;default&#8220; global_colors_info=&#8220;{}&#8220;][et_pb_image src=&#8220;https:\/\/www.mmaurer.at\/wp-content\/uploads\/2021\/05\/MM_raum.jpg&#8220; url=&#8220;@ET-DC@eyJkeW5hbWljIjp0cnVlLCJjb250ZW50IjoicG9zdF9saW5rX3VybF9wYWdlIiwic2V0dGluZ3MiOnsicG9zdF9pZCI6IjEwMjY2In19@&#8220; _builder_version=&#8220;4.25.1&#8243; _dynamic_attributes=&#8220;url&#8220; _module_preset=&#8220;default&#8220; global_colors_info=&#8220;{}&#8220;][\/et_pb_image][\/et_pb_column][et_pb_column type=&#8220;1_4&#8243; _builder_version=&#8220;4.25.1&#8243; _module_preset=&#8220;default&#8220; global_colors_info=&#8220;{}&#8220;][et_pb_image src=&#8220;https:\/\/www.mmaurer.at\/wp-content\/uploads\/2021\/05\/MM_para.jpg&#8220; url=&#8220;@ET-DC@eyJkeW5hbWljIjp0cnVlLCJjb250ZW50IjoicG9zdF9saW5rX3VybF9wYWdlIiwic2V0dGluZ3MiOnsicG9zdF9pZCI6IjEwMjc5In19@&#8220; _builder_version=&#8220;4.25.1&#8243; _dynamic_attributes=&#8220;url&#8220; _module_preset=&#8220;default&#8220; global_colors_info=&#8220;{}&#8220;][\/et_pb_image][\/et_pb_column][\/et_pb_row][\/et_pb_section]\n","protected":false},"excerpt":{"rendered":"<p>Verzierung ohne Funktion, aber mit viel Charme!Es kommt h\u00e4ufig vor, dass uns eine Tracht besonders begeistert \u2013 vor allem, wenn sie mit exklusiven Auszierungen und Besatzartikeln veredelt wurde. Die prachtvollen Posamenten, die bei Trachten keine praktische Funktion haben, dienen als reine Schmuckelemente. Sie machen jedes Dirndl und jeden Trachtenanzug zu einem echten Hingucker. In unserem Reiter \u201eProdukte\u201c finden Sie unter anderem: Trachtenborten B\u00e4nder Krepinen Hutschn\u00fcre Neben unseren Standardanfertigungen entwickeln wir gemeinsam mit unseren Kunden individuelle Produkte, die jeder Tracht ihre ganz pers\u00f6nliche Note verleihen. Gerne fertigen wir auch Schn\u00fcre und Hutgarnituren speziell f\u00fcr Trachten- und Musikvereine an.<div class=\"et_pb_module dsm_filterable_gallery dsm_filterable_gallery_0\">\n\t\t\t\t\n\t\t\t\t\n\t\t\t\t\n\t\t\t\t\n\t\t\t\t\n\t\t\t\t\n\t\t\t\t<div class=\"et_pb_module_inner\">\n\t\t\t\t\t<div class=\"dsm-filterable-gallery-container \" data-paginationtype=\"load_more\" data-currentpage=\"1\" data-per_page=\"10\" data-use_lightbox=\"off\" data-totalpages=\"1\" data-speed=\"250\" data-showpagination=\"off\">\n\t\t\t  \t<ul class=\"dsm-filterable-category-container\"><li class=\"dsm-filterable-gallery-filter-item\" data-category=\"all\">All<\/li><li class=\"dsm-filterable-gallery-filter-item\" data-category=\"fransen und b\u00e4nder f\u00fcr kuhglocken\">Fransen und B\u00e4nder f\u00fcr Kuhglocken<\/li><li class=\"dsm-filterable-gallery-filter-item\" data-category=\"referenz\">Referenz<\/li><\/ul> \n\t\t      <div class=\"dsm-filterable-gallery-inner-container \">\n\t\t\t  \t<div class=\"dsm-filterable-gallery-item\" data-mfp-src=\"https:\/\/www.mmaurer.at\/wp-content\/uploads\/2024\/12\/IMG_7914-300x300.jpeg\" data-inpage=\"1\" data-groups=\"fransen und b\u00e4nder f\u00fcr kuhglocken,all\"   >\n\t\t\t\t\t\t\t<div class=\"dsm-filterable-gallery-inner-item\">\n\t\t\t\t\t\t\t  <div class=\"dsm-filterable-gallery-image-wrapper\"><img decoding=\"async\" src=\"https:\/\/www.mmaurer.at\/wp-content\/uploads\/2024\/12\/IMG_7914-300x300.jpeg\" title=\"IMG_7914\" alt=\"Glocke mit verziertem Band\" class=\"skip-lazy\" \/><\/div>\n\t\t\t\t\t\t\t  \n\t\t\t\t\t\t\t<\/div>\n\t\t\t\t\t\t<\/div> \n\t\t\t\t\t<div class=\"dsm-filterable-gallery-item\" data-mfp-src=\"https:\/\/www.mmaurer.at\/wp-content\/uploads\/2024\/12\/IMG_7915-300x300.jpeg\" data-inpage=\"1\" data-groups=\"fransen und b\u00e4nder f\u00fcr kuhglocken,all\"   >\n\t\t\t\t\t\t\t<div class=\"dsm-filterable-gallery-inner-item\">\n\t\t\t\t\t\t\t  <div class=\"dsm-filterable-gallery-image-wrapper\"><img decoding=\"async\" src=\"https:\/\/www.mmaurer.at\/wp-content\/uploads\/2024\/12\/IMG_7915-300x300.jpeg\" title=\"IMG_7915\" alt=\"Schnur in verschiedenen Farben\" class=\"skip-lazy\" \/><\/div>\n\t\t\t\t\t\t\t  \n\t\t\t\t\t\t\t<\/div>\n\t\t\t\t\t\t<\/div> \n\t\t\t\t\t<div class=\"dsm-filterable-gallery-item\" data-mfp-src=\"https:\/\/www.mmaurer.at\/wp-content\/uploads\/2024\/12\/IMG_7921-300x300.jpeg\" data-inpage=\"1\" data-groups=\"all\"   >\n\t\t\t\t\t\t\t<div class=\"dsm-filterable-gallery-inner-item\">\n\t\t\t\t\t\t\t  <div class=\"dsm-filterable-gallery-image-wrapper\"><img decoding=\"async\" src=\"https:\/\/www.mmaurer.at\/wp-content\/uploads\/2024\/12\/IMG_7921-300x300.jpeg\" title=\"IMG_7921\" alt=\"Portmonee handgestickt\" class=\"skip-lazy\" \/><\/div>\n\t\t\t\t\t\t\t  \n\t\t\t\t\t\t\t<\/div>\n\t\t\t\t\t\t<\/div> \n\t\t\t\t\t<div class=\"dsm-filterable-gallery-item\" data-mfp-src=\"https:\/\/www.mmaurer.at\/wp-content\/uploads\/2024\/12\/IMG_7916-300x300.jpeg\" data-inpage=\"1\" data-groups=\"referenz,all\"   >\n\t\t\t\t\t\t\t<div class=\"dsm-filterable-gallery-inner-item\">\n\t\t\t\t\t\t\t  <div class=\"dsm-filterable-gallery-image-wrapper\"><img decoding=\"async\" src=\"https:\/\/www.mmaurer.at\/wp-content\/uploads\/2024\/12\/IMG_7916-300x300.jpeg\" title=\"IMG_7916\" alt=\"Portmonee handgestickt\" class=\"skip-lazy\" \/><\/div>\n\t\t\t\t\t\t\t  \n\t\t\t\t\t\t\t<\/div>\n\t\t\t\t\t\t<\/div> \n\t\t\t\t\t<div class=\"dsm-filterable-gallery-item\" data-mfp-src=\"https:\/\/www.mmaurer.at\/wp-content\/uploads\/2024\/12\/IMG_7920-300x300.jpeg\" data-inpage=\"1\" data-groups=\"referenz,all\"   >\n\t\t\t\t\t\t\t<div class=\"dsm-filterable-gallery-inner-item\">\n\t\t\t\t\t\t\t  <div class=\"dsm-filterable-gallery-image-wrapper\"><img decoding=\"async\" src=\"https:\/\/www.mmaurer.at\/wp-content\/uploads\/2024\/12\/IMG_7920-300x300.jpeg\" title=\"IMG_7920\" alt=\"Portmonee handgestickt\" class=\"skip-lazy\" \/><\/div>\n\t\t\t\t\t\t\t  \n\t\t\t\t\t\t\t<\/div>\n\t\t\t\t\t\t<\/div> \n\t\t\t\t\t<div class=\"dsm-filterable-gallery-item\" data-mfp-src=\"https:\/\/www.mmaurer.at\/wp-content\/uploads\/2024\/12\/IMG_7919-300x300.jpeg\" data-inpage=\"1\" data-groups=\"referenz,all\"   >\n\t\t\t\t\t\t\t<div class=\"dsm-filterable-gallery-inner-item\">\n\t\t\t\t\t\t\t  <div class=\"dsm-filterable-gallery-image-wrapper\"><img decoding=\"async\" src=\"https:\/\/www.mmaurer.at\/wp-content\/uploads\/2024\/12\/IMG_7919-300x300.jpeg\" title=\"IMG_7919\" alt=\"Portmonee handgestickt\" class=\"skip-lazy\" \/><\/div>\n\t\t\t\t\t\t\t  \n\t\t\t\t\t\t\t<\/div>\n\t\t\t\t\t\t<\/div> \n\t\t\t\t\t<div class=\"dsm-filterable-gallery-item\" data-mfp-src=\"https:\/\/www.mmaurer.at\/wp-content\/uploads\/2024\/12\/IMG_7918-300x300.jpeg\" data-inpage=\"1\" data-groups=\"referenz,all\"   >\n\t\t\t\t\t\t\t<div class=\"dsm-filterable-gallery-inner-item\">\n\t\t\t\t\t\t\t  <div class=\"dsm-filterable-gallery-image-wrapper\"><img decoding=\"async\" src=\"https:\/\/www.mmaurer.at\/wp-content\/uploads\/2024\/12\/IMG_7918-300x300.jpeg\" title=\"IMG_7918\" alt=\"Hut mit Schnur und Quaste\" class=\"skip-lazy\" \/><\/div>\n\t\t\t\t\t\t\t  \n\t\t\t\t\t\t\t<\/div>\n\t\t\t\t\t\t<\/div> \n\t\t\t\t\t<div class=\"dsm-filterable-gallery-item\" data-mfp-src=\"https:\/\/www.mmaurer.at\/wp-content\/uploads\/2024\/12\/IMG_7917-300x300.jpeg\" data-inpage=\"1\" data-groups=\"referenz,all\"   >\n\t\t\t\t\t\t\t<div class=\"dsm-filterable-gallery-inner-item\">\n\t\t\t\t\t\t\t  <div class=\"dsm-filterable-gallery-image-wrapper\"><img decoding=\"async\" src=\"https:\/\/www.mmaurer.at\/wp-content\/uploads\/2024\/12\/IMG_7917-300x300.jpeg\" title=\"IMG_7917\" alt=\"Portmonee Handgestickt\" class=\"skip-lazy\" \/><\/div>\n\t\t\t\t\t\t\t  \n\t\t\t\t\t\t\t<\/div>\n\t\t\t\t\t\t<\/div> \n\t\t\t\t\t \n\t\t\t  <\/div>\n\t\t\t  \n\t\t\t  \n\t\t   <\/div>\n\t\t\n\t\t\t\t<\/div>\n\t\t\t<\/div>Unsere Hauptkategorien<div class=\"et_pb_module dsm_before_after_image dsm_before_after_image_0\">\n\t\t\t\t\n\t\t\t\t\n\t\t\t\t\n\t\t\t\t\n\t\t\t\t\n\t\t\t\t\n\t\t\t\t<div class=\"et_pb_module_inner\">\n\t\t\t\t\t<div class=\"dsm_before_after_image_wrapper\" data-params=[{\"offset\":\"0.5\",\"orientation\":\"horizontal\",\"overlay\":false,\"hover\":false,\"handle\":true,\"click\":false}]>\n\t\t\t\t\n\t\t\t\t\n\t\t\t\t\n\t\t\t<\/div>\n\t\t\t\t<\/div>\n\t\t\t<\/div><\/p>\n","protected":false},"author":6,"featured_media":0,"parent":0,"menu_order":0,"comment_status":"closed","ping_status":"closed","template":"","meta":{"_et_pb_use_builder":"on","_et_pb_old_content":"","_et_gb_content_width":"","footnotes":""},"class_list":["post-10218","page","type-page","status-publish","hentry"],"yoast_head":"<!-- This site is optimized with the Yoast SEO plugin v27.6 - https:\/\/yoast.com\/product\/yoast-seo-wordpress\/ -->\n<title>Alles f\u00fcr die Tracht \u2013 Posamenten &amp; Zubeh\u00f6r | M.MAURER<\/title>\n<meta name=\"description\" content=\"Borten, Quasten, Fransen, Kordeln und Stickmaterialien f\u00fcr die Tracht. Hochwertig gefertigt in Wien mit 160 Jahren Handwerkskunst\" \/>\n<meta name=\"robots\" content=\"index, follow, max-snippet:-1, max-image-preview:large, max-video-preview:-1\" \/>\n<link rel=\"canonical\" href=\"https:\/\/www.mmaurer.at\/en\/everything-for-the-costume\/\" \/>\n<meta property=\"og:locale\" content=\"en_GB\" \/>\n<meta property=\"og:type\" content=\"article\" \/>\n<meta property=\"og:title\" content=\"Alles f\u00fcr die Tracht \u2013 Posamenten &amp; Zubeh\u00f6r | M.MAURER\" \/>\n<meta property=\"og:description\" content=\"Borten, Quasten, Fransen, Kordeln und Stickmaterialien f\u00fcr die Tracht. Hochwertig gefertigt in Wien mit 160 Jahren Handwerkskunst\" \/>\n<meta property=\"og:url\" content=\"https:\/\/www.mmaurer.at\/en\/everything-for-the-costume\/\" \/>\n<meta property=\"og:site_name\" content=\"M.MAURER\" \/>\n<meta property=\"article:modified_time\" content=\"2025-08-31T12:44:45+00:00\" \/>\n<meta name=\"twitter:card\" content=\"summary_large_image\" \/>\n<meta name=\"twitter:label1\" content=\"Estimated reading time\" \/>\n\t<meta name=\"twitter:data1\" content=\"4 minutes\" \/>\n<script type=\"application\/ld+json\" class=\"yoast-schema-graph\">{\"@context\":\"https:\\\/\\\/schema.org\",\"@graph\":[{\"@type\":\"WebPage\",\"@id\":\"https:\\\/\\\/www.mmaurer.at\\\/alles-fuer-die-tracht\\\/\",\"url\":\"https:\\\/\\\/www.mmaurer.at\\\/alles-fuer-die-tracht\\\/\",\"name\":\"Alles f\u00fcr die Tracht \u2013 Posamenten & Zubeh\u00f6r | M.MAURER\",\"isPartOf\":{\"@id\":\"https:\\\/\\\/www.mmaurer.at\\\/#website\"},\"datePublished\":\"2024-12-17T15:23:57+00:00\",\"dateModified\":\"2025-08-31T12:44:45+00:00\",\"description\":\"Borten, Quasten, Fransen, Kordeln und Stickmaterialien f\u00fcr die Tracht. Hochwertig gefertigt in Wien mit 160 Jahren Handwerkskunst\",\"breadcrumb\":{\"@id\":\"https:\\\/\\\/www.mmaurer.at\\\/alles-fuer-die-tracht\\\/#breadcrumb\"},\"inLanguage\":\"en-GB\",\"potentialAction\":[{\"@type\":\"ReadAction\",\"target\":[\"https:\\\/\\\/www.mmaurer.at\\\/alles-fuer-die-tracht\\\/\"]}]},{\"@type\":\"BreadcrumbList\",\"@id\":\"https:\\\/\\\/www.mmaurer.at\\\/alles-fuer-die-tracht\\\/#breadcrumb\",\"itemListElement\":[{\"@type\":\"ListItem\",\"position\":1,\"name\":\"Startseite\",\"item\":\"https:\\\/\\\/www.mmaurer.at\\\/\"},{\"@type\":\"ListItem\",\"position\":2,\"name\":\"Alles f\u00fcr die Tracht\"}]},{\"@type\":\"WebSite\",\"@id\":\"https:\\\/\\\/www.mmaurer.at\\\/#website\",\"url\":\"https:\\\/\\\/www.mmaurer.at\\\/\",\"name\":\"M.MAURER\",\"description\":\"Posamente - Geflechte, Zierb\u00e4nder, gewebte Borten, Fransen, Kordeln, Litzen und Quasten, \u00fcberzogene Kn\u00f6pfe und \u00c4hnliches.\",\"potentialAction\":[{\"@type\":\"SearchAction\",\"target\":{\"@type\":\"EntryPoint\",\"urlTemplate\":\"https:\\\/\\\/www.mmaurer.at\\\/?s={search_term_string}\"},\"query-input\":{\"@type\":\"PropertyValueSpecification\",\"valueRequired\":true,\"valueName\":\"search_term_string\"}}],\"inLanguage\":\"en-GB\"}]}<\/script>\n<!-- \/ Yoast SEO plugin. -->","yoast_head_json":{"title":"Everything for traditional costumes - trimmings &amp; accessories | M.MAURER","description":"Braids, tassels, fringes, cords and embroidery materials for traditional costumes. High quality made in Vienna with 160 years of craftsmanship","robots":{"index":"index","follow":"follow","max-snippet":"max-snippet:-1","max-image-preview":"max-image-preview:large","max-video-preview":"max-video-preview:-1"},"canonical":"https:\/\/www.mmaurer.at\/en\/everything-for-the-costume\/","og_locale":"en_GB","og_type":"article","og_title":"Alles f\u00fcr die Tracht \u2013 Posamenten & Zubeh\u00f6r | M.MAURER","og_description":"Borten, Quasten, Fransen, Kordeln und Stickmaterialien f\u00fcr die Tracht. Hochwertig gefertigt in Wien mit 160 Jahren Handwerkskunst","og_url":"https:\/\/www.mmaurer.at\/en\/everything-for-the-costume\/","og_site_name":"M.MAURER","article_modified_time":"2025-08-31T12:44:45+00:00","twitter_card":"summary_large_image","twitter_misc":{"Estimated reading time":"4 minutes"},"schema":{"@context":"https:\/\/schema.org","@graph":[{"@type":"WebPage","@id":"https:\/\/www.mmaurer.at\/alles-fuer-die-tracht\/","url":"https:\/\/www.mmaurer.at\/alles-fuer-die-tracht\/","name":"Everything for traditional costumes - trimmings &amp; accessories | M.MAURER","isPartOf":{"@id":"https:\/\/www.mmaurer.at\/#website"},"datePublished":"2024-12-17T15:23:57+00:00","dateModified":"2025-08-31T12:44:45+00:00","description":"Braids, tassels, fringes, cords and embroidery materials for traditional costumes. High quality made in Vienna with 160 years of craftsmanship","breadcrumb":{"@id":"https:\/\/www.mmaurer.at\/alles-fuer-die-tracht\/#breadcrumb"},"inLanguage":"en-GB","potentialAction":[{"@type":"ReadAction","target":["https:\/\/www.mmaurer.at\/alles-fuer-die-tracht\/"]}]},{"@type":"BreadcrumbList","@id":"https:\/\/www.mmaurer.at\/alles-fuer-die-tracht\/#breadcrumb","itemListElement":[{"@type":"ListItem","position":1,"name":"Startseite","item":"https:\/\/www.mmaurer.at\/"},{"@type":"ListItem","position":2,"name":"Alles f\u00fcr die Tracht"}]},{"@type":"WebSite","@id":"https:\/\/www.mmaurer.at\/#website","url":"https:\/\/www.mmaurer.at\/","name":"M.MAURER","description":"Trimmings - braids, decorative ribbons, woven borders, fringes, cords, braids and tassels, covered buttons and the like.","potentialAction":[{"@type":"SearchAction","target":{"@type":"EntryPoint","urlTemplate":"https:\/\/www.mmaurer.at\/?s={search_term_string}"},"query-input":{"@type":"PropertyValueSpecification","valueRequired":true,"valueName":"search_term_string"}}],"inLanguage":"en-GB"}]}},"_links":{"self":[{"href":"https:\/\/www.mmaurer.at\/en\/wp-json\/wp\/v2\/pages\/10218","targetHints":{"allow":["GET"]}}],"collection":[{"href":"https:\/\/www.mmaurer.at\/en\/wp-json\/wp\/v2\/pages"}],"about":[{"href":"https:\/\/www.mmaurer.at\/en\/wp-json\/wp\/v2\/types\/page"}],"author":[{"embeddable":true,"href":"https:\/\/www.mmaurer.at\/en\/wp-json\/wp\/v2\/users\/6"}],"replies":[{"embeddable":true,"href":"https:\/\/www.mmaurer.at\/en\/wp-json\/wp\/v2\/comments?post=10218"}],"version-history":[{"count":8,"href":"https:\/\/www.mmaurer.at\/en\/wp-json\/wp\/v2\/pages\/10218\/revisions"}],"predecessor-version":[{"id":11985,"href":"https:\/\/www.mmaurer.at\/en\/wp-json\/wp\/v2\/pages\/10218\/revisions\/11985"}],"wp:attachment":[{"href":"https:\/\/www.mmaurer.at\/en\/wp-json\/wp\/v2\/media?parent=10218"}],"curies":[{"name":"wp","href":"https:\/\/api.w.org\/{rel}","templated":true}]}}