{"id":10253,"date":"2024-12-17T16:46:44","date_gmt":"2024-12-17T15:46:44","guid":{"rendered":"https:\/\/www.mmaurer.at\/?page_id=10253"},"modified":"2026-01-26T11:27:24","modified_gmt":"2026-01-26T10:27:24","slug":"uniforms-and-medals","status":"publish","type":"page","link":"https:\/\/www.mmaurer.at\/en\/uniformen-und-ordensbaender\/","title":{"rendered":"Uniforms and ribbons"},"content":{"rendered":"<p>[et_pb_section fb_built=&#8220;1&#8243; _builder_version=&#8220;4.27.4&#8243; _module_preset=&#8220;default&#8220; custom_margin=&#8220;||0px||false|false&#8220; custom_margin_tablet=&#8220;0px||||false|false&#8220; custom_margin_phone=&#8220;0px||||false|false&#8220; custom_margin_last_edited=&#8220;on|tablet&#8220; custom_padding=&#8220;0px|0px|0px||false|false&#8220; global_module=&#8220;4477&#8243; saved_tabs=&#8220;all&#8220; global_colors_info=&#8220;{}&#8220;][et_pb_row column_structure=&#8220;3_4,1_4&#8243; _builder_version=&#8220;4.27.4&#8243; _module_preset=&#8220;default&#8220; background_color=&#8220;#3974ba&#8220; width=&#8220;100%&#8220; custom_margin=&#8220;0px|auto|0px|auto|false|false&#8220; custom_padding=&#8220;0px||0px||false|false&#8220; global_colors_info=&#8220;{}&#8220;][et_pb_column type=&#8220;3_4&#8243; _builder_version=&#8220;4.27.4&#8243; _module_preset=&#8220;default&#8220; global_colors_info=&#8220;{}&#8220;][et_pb_divider _builder_version=&#8220;4.27.4&#8243; _module_preset=&#8220;default&#8220; global_colors_info=&#8220;{}&#8220;][\/et_pb_divider][\/et_pb_column][et_pb_column type=&#8220;1_4&#8243; _builder_version=&#8220;4.27.4&#8243; _module_preset=&#8220;default&#8220; global_colors_info=&#8220;{}&#8220;][\/et_pb_column][\/et_pb_row][et_pb_row column_structure=&#8220;3_4,1_4&#8243; _builder_version=&#8220;4.27.4&#8243; _module_preset=&#8220;default&#8220; width=&#8220;100%&#8220; custom_margin=&#8220;0px|0px|0px|0px|false|false&#8220; custom_margin_tablet=&#8220;0px|0px|-65px|0px|false|false&#8220; custom_margin_phone=&#8220;||-65px||false|false&#8220; custom_margin_last_edited=&#8220;on|tablet&#8220; custom_padding=&#8220;0px|0px|0px|0px|false|false&#8220; global_colors_info=&#8220;{}&#8220;][et_pb_column type=&#8220;3_4&#8243; _builder_version=&#8220;4.25.1&#8243; _module_preset=&#8220;default&#8220; global_colors_info=&#8220;{}&#8220;][et_pb_menu active_link_color=&#8220;#3a74ba&#8220; logo=&#8220;https:\/\/www.mmaurer.at\/wp-content\/uploads\/2025\/07\/MMaurer-Logo-Text_RGB_gross.png&#8220; logo_url=&#8220;@ET-DC@eyJkeW5hbWljIjp0cnVlLCJjb250ZW50IjoicG9zdF9saW5rX3VybF9wYWdlIiwic2V0dGluZ3MiOnsicG9zdF9pZCI6IjQ0MjUifX0=@&#8220; logo_width=&#8220;25%&#8220; logo_tablet=&#8220;https:\/\/www.mmaurer.at\/wp-content\/uploads\/2025\/07\/Maurer-Logo.png&#8220; logo_phone=&#8220;https:\/\/www.mmaurer.at\/wp-content\/uploads\/2025\/07\/MAURER-Rundes-Logo.png&#8220; logo_last_edited=&#8220;on|tablet&#8220; logo_width_tablet=&#8220;&#8220; logo_width_phone=&#8220;35%&#8220; logo_width_last_edited=&#8220;on|phone&#8220; _builder_version=&#8220;4.27.4&#8243; _dynamic_attributes=&#8220;logo_url&#8220; _module_preset=&#8220;default&#8220; menu_font=&#8220;|600|||||||&#8220; menu_font_size=&#8220;16px&#8220; max_height=&#8220;88%&#8220; custom_margin=&#8220;10px|0px|10px||true|false&#8220; custom_margin_tablet=&#8220;0px||||false|false&#8220; custom_margin_phone=&#8220;&#8220; custom_margin_last_edited=&#8220;on|tablet&#8220; custom_padding=&#8220;|0px|0px|0px|false|false&#8220; global_colors_info=&#8220;{}&#8220;][\/et_pb_menu][\/et_pb_column][et_pb_column type=&#8220;1_4&#8243; _builder_version=&#8220;4.25.1&#8243; _module_preset=&#8220;default&#8220; global_colors_info=&#8220;{}&#8220;][et_pb_button button_url=&#8220;@ET-DC@eyJkeW5hbWljIjp0cnVlLCJjb250ZW50IjoicG9zdF9saW5rX3VybF9wYWdlIiwic2V0dGluZ3MiOnsicG9zdF9pZCI6IjQ1MTYifX0=@&#8220; button_text=&#8220;Zum Shop f\u00fcr Lagerware&#8220; button_alignment=&#8220;right&#8220; disabled_on=&#8220;on|on|on&#8220; _builder_version=&#8220;4.27.4&#8243; _dynamic_attributes=&#8220;button_url&#8220; _module_preset=&#8220;default&#8220; custom_button=&#8220;on&#8220; button_text_size=&#8220;16px&#8220; button_text_color=&#8220;#FFFFFF&#8220; button_bg_color=&#8220;#3973b9&#8243; button_border_width=&#8220;0px&#8220; button_border_radius=&#8220;10px&#8220; button_font=&#8220;|700|||||||&#8220; custom_margin=&#8220;50px||||false|false&#8220; custom_margin_tablet=&#8220;1px||||false|false&#8220; custom_margin_phone=&#8220;0px||||false|false&#8220; custom_margin_last_edited=&#8220;on|phone&#8220; custom_padding=&#8220;|30px||30px|false|true&#8220; disabled=&#8220;on&#8220; global_colors_info=&#8220;{}&#8220;][\/et_pb_button][\/et_pb_column][\/et_pb_row][\/et_pb_section][et_pb_section fb_built=&#8220;1&#8243; _builder_version=&#8220;4.25.1&#8243; _module_preset=&#8220;default&#8220; custom_padding=&#8220;30px|||||&#8220; global_colors_info=&#8220;{}&#8220;][et_pb_row column_structure=&#8220;3_5,2_5&#8243; _builder_version=&#8220;4.25.1&#8243; _module_preset=&#8220;default&#8220; width=&#8220;80%&#8220; width_tablet=&#8220;80%&#8220; width_phone=&#8220;90%&#8220; width_last_edited=&#8220;on|phone&#8220; global_colors_info=&#8220;{}&#8220;][et_pb_column type=&#8220;3_5&#8243; _builder_version=&#8220;4.25.1&#8243; _module_preset=&#8220;default&#8220; global_colors_info=&#8220;{}&#8220;][et_pb_text _builder_version=&#8220;4.25.1&#8243; _module_preset=&#8220;default&#8220; global_colors_info=&#8220;{}&#8220;]<\/p>\n<h1 style=\"text-align: left;\"><strong>Uniformen &amp; Ordensb\u00e4nder<\/strong><\/h1>\n<p style=\"text-align: left;\">\n<p>Bei nahezu jeder \u00f6sterreichischen Uniform sind Achselspangen, Kragenspiegel oder Aufschiebeschlaufen fester Bestandteil. Diese klassischen Elemente finden heute auch in der Zivilmode \u2013 beispielsweise bei Trenchcoats \u2013 gro\u00dfen Anklang.<\/p>\n<p>Wir fertigen Rangabzeichen und textiles Uniformzubeh\u00f6r f\u00fcr verschiedenste Anwendungen, darunter:<\/p>\n<ul>\n<li>Milit\u00e4r<\/li>\n<li>Polizei<\/li>\n<li>Rettung<\/li>\n<li>Feuerwehr<\/li>\n<li>Musikkorps<\/li>\n<li>Vereine<\/li>\n<\/ul>\n<p>Unsere Produkte werden in h\u00f6chster Qualit\u00e4t hergestellt und individuell an die Anforderungen unserer Kunden angepasst. Auch spezielle W\u00fcnsche setzen wir problemlos und mit gr\u00f6\u00dfter Sorgfalt um.<\/p>\n<p><strong>In der Rubrik \u201eProdukte\u201c finden Sie unter anderem:<\/strong><\/p>\n<ul>\n<li>Viereckschn\u00fcre<\/li>\n<li>Soutache<\/li>\n<li>Passepoil<\/li>\n<li>Uniformborten<\/li>\n<li>Schulterst\u00fccke<\/li>\n<li>Schulterspangen<\/li>\n<li>Kappenkordeln<\/li>\n<li>Kappenrosen<\/li>\n<li>Fangschn\u00fcre<\/li>\n<\/ul>\n<p style=\"text-align: left;\">\n<p>[\/et_pb_text][\/et_pb_column][et_pb_column type=&#8220;2_5&#8243; _builder_version=&#8220;4.25.1&#8243; _module_preset=&#8220;default&#8220; global_colors_info=&#8220;{}&#8220;][et_pb_image src=&#8220;https:\/\/www.mmaurer.at\/wp-content\/uploads\/2024\/12\/IMG_7922.jpeg&#8220; title_text=&#8220;IMG_7922&#8243; align=&#8220;center&#8220; _builder_version=&#8220;4.25.1&#8243; _module_preset=&#8220;default&#8220; global_colors_info=&#8220;{}&#8220;][\/et_pb_image][\/et_pb_column][\/et_pb_row][\/et_pb_section][et_pb_section fb_built=&#8220;1&#8243; _builder_version=&#8220;4.25.1&#8243; _module_preset=&#8220;default&#8220; custom_padding=&#8220;4px||5px|||&#8220; global_colors_info=&#8220;{}&#8220;][et_pb_row _builder_version=&#8220;4.25.1&#8243; _module_preset=&#8220;default&#8220; custom_padding=&#8220;5px|||||&#8220; global_colors_info=&#8220;{}&#8220;][et_pb_column type=&#8220;4_4&#8243; _builder_version=&#8220;4.25.1&#8243; _module_preset=&#8220;default&#8220; global_colors_info=&#8220;{}&#8220;][dsm_filterable_gallery gallery_ids=&#8220;10262,10261,10259,10258&#8243; dsm_number_of_columns=&#8220;4&#8243; _builder_version=&#8220;4.25.1&#8243; _module_preset=&#8220;default&#8220; global_colors_info=&#8220;{}&#8220;][\/dsm_filterable_gallery][\/et_pb_column][\/et_pb_row][\/et_pb_section][et_pb_section fb_built=&#8220;1&#8243; _builder_version=&#8220;4.25.1&#8243; _module_preset=&#8220;default&#8220; custom_padding=&#8220;20px||70px||false|false&#8220; global_module=&#8220;4778&#8243; saved_tabs=&#8220;all&#8220; global_colors_info=&#8220;{}&#8220;][et_pb_row _builder_version=&#8220;4.25.1&#8243; _module_preset=&#8220;default&#8220; global_colors_info=&#8220;{}&#8220;][et_pb_column type=&#8220;4_4&#8243; _builder_version=&#8220;4.25.1&#8243; _module_preset=&#8220;default&#8220; global_colors_info=&#8220;{}&#8220;][et_pb_text _builder_version=&#8220;4.27.4&#8243; _module_preset=&#8220;default&#8220; global_colors_info=&#8220;{}&#8220;]<\/p>\n<h2 class=\"p1\"><b>Themenwelten \u2013 F\u00fcr jeden Zweck das Richtige<\/b><\/h2>\n<p class=\"p1\">Unsere Produkte sind vielseitig einsetzbar \u2013 und manche Kund:innen brauchen direkt die passende Anwendung:<\/p>\n<p>[\/et_pb_text][\/et_pb_column][\/et_pb_row][et_pb_row column_structure=&#8220;1_4,1_4,1_4,1_4&#8243; use_custom_gutter=&#8220;on&#8220; gutter_width=&#8220;1&#8243; _builder_version=&#8220;4.25.1&#8243; _module_preset=&#8220;default&#8220; global_colors_info=&#8220;{}&#8220;][et_pb_column type=&#8220;1_4&#8243; _builder_version=&#8220;4.25.1&#8243; _module_preset=&#8220;default&#8220; global_colors_info=&#8220;{}&#8220;][et_pb_image src=&#8220;https:\/\/www.mmaurer.at\/wp-content\/uploads\/2025\/08\/1.jpg&#8220; title_text=&#8220;1&#8243; url=&#8220;@ET-DC@eyJkeW5hbWljIjp0cnVlLCJjb250ZW50IjoicG9zdF9saW5rX3VybF9wYWdlIiwic2V0dGluZ3MiOnsicG9zdF9pZCI6IjEwMjE4In19@&#8220; _builder_version=&#8220;4.27.4&#8243; _dynamic_attributes=&#8220;url&#8220; _module_preset=&#8220;default&#8220; global_colors_info=&#8220;{}&#8220;][\/et_pb_image][et_pb_text _builder_version=&#8220;4.27.4&#8243; _module_preset=&#8220;default&#8220; custom_padding=&#8220;10px|10px|10px|10px|true|true&#8220; global_colors_info=&#8220;{}&#8220;]<\/p>\n<h2 class=\"p1\"><strong>Alles f\u00fcr die Tracht<\/strong><\/h2>\n<p class=\"p1\">Von der Hutschnur bis zum Dirndlknopf: Originale Posamenten f\u00fcr traditionelles Handwerk &amp; Mode.<\/p>\n<p>[\/et_pb_text][dsm_before_after_image _builder_version=&#8220;4.25.1&#8243; _module_preset=&#8220;default&#8220; global_colors_info=&#8220;{}&#8220;][\/dsm_before_after_image][\/et_pb_column][et_pb_column type=&#8220;1_4&#8243; _builder_version=&#8220;4.25.1&#8243; _module_preset=&#8220;default&#8220; global_colors_info=&#8220;{}&#8220;][et_pb_image src=&#8220;https:\/\/www.mmaurer.at\/wp-content\/uploads\/2025\/08\/2.jpg&#8220; title_text=&#8220;2&#8243; url=&#8220;@ET-DC@eyJkeW5hbWljIjp0cnVlLCJjb250ZW50IjoicG9zdF9saW5rX3VybF9wYWdlIiwic2V0dGluZ3MiOnsicG9zdF9pZCI6IjEwMjUzIn19@&#8220; _builder_version=&#8220;4.27.4&#8243; _dynamic_attributes=&#8220;url&#8220; _module_preset=&#8220;default&#8220; global_colors_info=&#8220;{}&#8220;][\/et_pb_image][et_pb_text _builder_version=&#8220;4.27.4&#8243; _module_preset=&#8220;default&#8220; custom_padding=&#8220;10px|10px|10px|10px|true|true&#8220; global_colors_info=&#8220;{}&#8220;]<\/p>\n<h2 class=\"p1\" style=\"text-align: left;\"><b>Uniformeffekte &amp; Ordensb\u00e4nder<\/b><\/h2>\n<p class=\"p1\" style=\"text-align: left;\">F\u00fcr Milit\u00e4r, Feuerwehr, Polizei und Ehrenzeichen. Ma\u00dfgenaue, normkonforme Anfertigung.<\/p>\n<p>[\/et_pb_text][\/et_pb_column][et_pb_column type=&#8220;1_4&#8243; _builder_version=&#8220;4.25.1&#8243; _module_preset=&#8220;default&#8220; global_colors_info=&#8220;{}&#8220;][et_pb_image src=&#8220;https:\/\/www.mmaurer.at\/wp-content\/uploads\/2025\/08\/3.jpg&#8220; title_text=&#8220;3&#8243; url=&#8220;@ET-DC@eyJkeW5hbWljIjp0cnVlLCJjb250ZW50IjoicG9zdF9saW5rX3VybF9wYWdlIiwic2V0dGluZ3MiOnsicG9zdF9pZCI6IjEwMjY2In19@&#8220; _builder_version=&#8220;4.27.4&#8243; _dynamic_attributes=&#8220;url&#8220; _module_preset=&#8220;default&#8220; global_colors_info=&#8220;{}&#8220;][\/et_pb_image][et_pb_text _builder_version=&#8220;4.27.4&#8243; _module_preset=&#8220;default&#8220; custom_padding=&#8220;10px|10px|10px|10px|true|true&#8220; global_colors_info=&#8220;{}&#8220;]<\/p>\n<h2 class=\"p1\" style=\"text-align: left;\"><b>Theater- &amp; Raumausstatter<\/b><\/h2>\n<p class=\"p1\" style=\"text-align: left;\">Prachtvolle Borten &amp; Quasten f\u00fcr B\u00fchne, Film, Museen &amp; klassisches Interior.<\/p>\n<p>[\/et_pb_text][\/et_pb_column][et_pb_column type=&#8220;1_4&#8243; _builder_version=&#8220;4.25.1&#8243; _module_preset=&#8220;default&#8220; global_colors_info=&#8220;{}&#8220;][et_pb_image src=&#8220;https:\/\/www.mmaurer.at\/wp-content\/uploads\/2025\/08\/4.jpg&#8220; title_text=&#8220;4&#8243; url=&#8220;@ET-DC@eyJkeW5hbWljIjp0cnVlLCJjb250ZW50IjoicG9zdF9saW5rX3VybF9wYWdlIiwic2V0dGluZ3MiOnsicG9zdF9pZCI6IjEwMjc5In19@&#8220; _builder_version=&#8220;4.27.4&#8243; _dynamic_attributes=&#8220;url&#8220; _module_preset=&#8220;default&#8220; global_colors_info=&#8220;{}&#8220;][\/et_pb_image][et_pb_text _builder_version=&#8220;4.27.4&#8243; _module_preset=&#8220;default&#8220; custom_padding=&#8220;10px|10px|10px|10px|true|true&#8220; global_colors_info=&#8220;{}&#8220;]<\/p>\n<h2 class=\"p1\" style=\"text-align: left;\"><b>Klosterarbeiten &amp; Paramentik<\/b><\/h2>\n<p class=\"p1\" style=\"text-align: left;\">Gespinste, Bouillon, Litzen &amp; Stickmaterialien f\u00fcr sakrale Kunst &amp; textile Restauration.<\/p>\n<p>[\/et_pb_text][\/et_pb_column][\/et_pb_row][\/et_pb_section]<\/p>\n","protected":false},"excerpt":{"rendered":"<p>Uniformen &amp; Ordensb\u00e4nder Bei nahezu jeder \u00f6sterreichischen Uniform sind Achselspangen, Kragenspiegel oder Aufschiebeschlaufen fester Bestandteil. Diese klassischen Elemente finden heute auch in der Zivilmode \u2013 beispielsweise bei Trenchcoats \u2013 gro\u00dfen Anklang. Wir fertigen Rangabzeichen und textiles Uniformzubeh\u00f6r f\u00fcr verschiedenste Anwendungen, darunter: Milit\u00e4r Polizei Rettung Feuerwehr Musikkorps Vereine Unsere Produkte werden in h\u00f6chster Qualit\u00e4t hergestellt und individuell an die Anforderungen unserer Kunden angepasst. Auch spezielle W\u00fcnsche setzen wir problemlos und mit gr\u00f6\u00dfter Sorgfalt um. In der Rubrik \u201eProdukte\u201c finden Sie unter anderem: Viereckschn\u00fcre Soutache Passepoil Uniformborten Schulterst\u00fccke Schulterspangen Kappenkordeln Kappenrosen Fangschn\u00fcre <div class=\"et_pb_module dsm_filterable_gallery dsm_filterable_gallery_0\">\n\t\t\t\t\n\t\t\t\t\n\t\t\t\t\n\t\t\t\t\n\t\t\t\t\n\t\t\t\t\n\t\t\t\t<div class=\"et_pb_module_inner\">\n\t\t\t\t\t<div class=\"dsm-filterable-gallery-container \" data-paginationtype=\"load_more\" data-currentpage=\"1\" data-per_page=\"10\" data-use_lightbox=\"off\" data-totalpages=\"1\" data-speed=\"250\" data-showpagination=\"off\">\n\t\t\t  \t<ul class=\"dsm-filterable-category-container\"><li class=\"dsm-filterable-gallery-filter-item\" data-category=\"all\">All<\/li><li class=\"dsm-filterable-gallery-filter-item\" data-category=\"uniformen und ordensb\u00e4nder\">Uniformen und Ordensb\u00e4nder<\/li><\/ul> \n\t\t      <div class=\"dsm-filterable-gallery-inner-container \">\n\t\t\t  \t<div class=\"dsm-filterable-gallery-item\" data-mfp-src=\"https:\/\/www.mmaurer.at\/wp-content\/uploads\/2024\/12\/IMG_7925.jpeg\" data-inpage=\"1\" data-groups=\"uniformen und ordensb\u00e4nder,all\"   >\n\t\t\t\t\t\t\t<div class=\"dsm-filterable-gallery-inner-item\">\n\t\t\t\t\t\t\t  <div class=\"dsm-filterable-gallery-image-wrapper\"><img decoding=\"async\" src=\"https:\/\/www.mmaurer.at\/wp-content\/uploads\/2024\/12\/IMG_7925.jpeg\" title=\"IMG_7925\" alt=\"Orden\" class=\"skip-lazy\" \/><\/div>\n\t\t\t\t\t\t\t  \n\t\t\t\t\t\t\t<\/div>\n\t\t\t\t\t\t<\/div> \n\t\t\t\t\t<div class=\"dsm-filterable-gallery-item\" data-mfp-src=\"https:\/\/www.mmaurer.at\/wp-content\/uploads\/2024\/12\/IMG_7923-300x223.jpeg\" data-inpage=\"1\" data-groups=\"uniformen und ordensb\u00e4nder,all\"   >\n\t\t\t\t\t\t\t<div class=\"dsm-filterable-gallery-inner-item\">\n\t\t\t\t\t\t\t  <div class=\"dsm-filterable-gallery-image-wrapper\"><img decoding=\"async\" src=\"https:\/\/www.mmaurer.at\/wp-content\/uploads\/2024\/12\/IMG_7923-300x223.jpeg\" title=\"IMG_7923\" alt=\"Ordenschnur\" class=\"skip-lazy\" \/><\/div>\n\t\t\t\t\t\t\t  \n\t\t\t\t\t\t\t<\/div>\n\t\t\t\t\t\t<\/div> \n\t\t\t\t\t<div class=\"dsm-filterable-gallery-item\" data-mfp-src=\"https:\/\/www.mmaurer.at\/wp-content\/uploads\/2024\/12\/IMG_7924-300x223.jpeg\" data-inpage=\"1\" data-groups=\"uniformen und ordensb\u00e4nder,all\"   >\n\t\t\t\t\t\t\t<div class=\"dsm-filterable-gallery-inner-item\">\n\t\t\t\t\t\t\t  <div class=\"dsm-filterable-gallery-image-wrapper\"><img decoding=\"async\" src=\"https:\/\/www.mmaurer.at\/wp-content\/uploads\/2024\/12\/IMG_7924-300x223.jpeg\" title=\"IMG_7924\" alt=\"Schn\u00fcre und Ordeneffekte\" class=\"skip-lazy\" \/><\/div>\n\t\t\t\t\t\t\t  \n\t\t\t\t\t\t\t<\/div>\n\t\t\t\t\t\t<\/div> \n\t\t\t\t\t<div class=\"dsm-filterable-gallery-item\" data-mfp-src=\"https:\/\/www.mmaurer.at\/wp-content\/uploads\/2024\/12\/IMG_7926.jpeg\" data-inpage=\"1\" data-groups=\"uniformen und ordensb\u00e4nder,all\"   >\n\t\t\t\t\t\t\t<div class=\"dsm-filterable-gallery-inner-item\">\n\t\t\t\t\t\t\t  <div class=\"dsm-filterable-gallery-image-wrapper\"><img decoding=\"async\" src=\"https:\/\/www.mmaurer.at\/wp-content\/uploads\/2024\/12\/IMG_7926.jpeg\" title=\"IMG_7926\" alt=\"Fransen\" class=\"skip-lazy\" \/><\/div>\n\t\t\t\t\t\t\t  \n\t\t\t\t\t\t\t<\/div>\n\t\t\t\t\t\t<\/div> \n\t\t\t\t\t \n\t\t\t  <\/div>\n\t\t\t  \n\t\t\t  \n\t\t   <\/div>\n\t\t\n\t\t\t\t<\/div>\n\t\t\t<\/div>Themenwelten \u2013 F\u00fcr jeden Zweck das Richtige Unsere Produkte sind vielseitig einsetzbar \u2013 und manche Kund:innen brauchen direkt die passende Anwendung:Alles f\u00fcr die Tracht Von der Hutschnur bis zum Dirndlknopf: Originale Posamenten f\u00fcr traditionelles Handwerk &amp; Mode.<div class=\"et_pb_module dsm_before_after_image dsm_before_after_image_0\">\n\t\t\t\t\n\t\t\t\t\n\t\t\t\t\n\t\t\t\t\n\t\t\t\t\n\t\t\t\t\n\t\t\t\t<div class=\"et_pb_module_inner\">\n\t\t\t\t\t<div class=\"dsm_before_after_image_wrapper\" data-params=[{\"offset\":\"0.5\",\"orientation\":\"horizontal\",\"overlay\":false,\"hover\":false,\"handle\":true,\"click\":false}]>\n\t\t\t\t\n\t\t\t\t\n\t\t\t\t\n\t\t\t<\/div>\n\t\t\t\t<\/div>\n\t\t\t<\/div>Uniformeffekte &amp; Ordensb\u00e4nder F\u00fcr Milit\u00e4r, Feuerwehr, Polizei und Ehrenzeichen. Ma\u00dfgenaue, normkonforme Anfertigung.Theater- &amp; Raumausstatter Prachtvolle Borten &amp; Quasten f\u00fcr B\u00fchne, Film, Museen &amp; klassisches Interior.Klosterarbeiten &amp; Paramentik Gespinste, Bouillon, Litzen &amp; Stickmaterialien f\u00fcr sakrale Kunst &amp; textile Restauration.<\/p>\n","protected":false},"author":6,"featured_media":0,"parent":0,"menu_order":0,"comment_status":"closed","ping_status":"closed","template":"","meta":{"_et_pb_use_builder":"on","_et_pb_old_content":"","_et_gb_content_width":"","footnotes":""},"class_list":["post-10253","page","type-page","status-publish","hentry"],"yoast_head":"<!-- This site is optimized with the Yoast SEO plugin v27.6 - https:\/\/yoast.com\/product\/yoast-seo-wordpress\/ -->\n<title>Uniformen &amp; Ordensb\u00e4nder | M.MAURER<\/title>\n<meta name=\"description\" content=\"Uniformen und Ordensb\u00e4nder aus Wien: handgefertigte Borten, Kordeln und Verzierungen in traditioneller Qualit\u00e4t seit 1863.\" \/>\n<meta name=\"robots\" content=\"index, follow, max-snippet:-1, max-image-preview:large, max-video-preview:-1\" \/>\n<link rel=\"canonical\" href=\"https:\/\/www.mmaurer.at\/en\/uniforms-and-medals\/\" \/>\n<meta property=\"og:locale\" content=\"en_GB\" \/>\n<meta property=\"og:type\" content=\"article\" \/>\n<meta property=\"og:title\" content=\"Uniformen &amp; Ordensb\u00e4nder | M.MAURER\" \/>\n<meta property=\"og:description\" content=\"Uniformen und Ordensb\u00e4nder aus Wien: handgefertigte Borten, Kordeln und Verzierungen in traditioneller Qualit\u00e4t seit 1863.\" \/>\n<meta property=\"og:url\" content=\"https:\/\/www.mmaurer.at\/en\/uniforms-and-medals\/\" \/>\n<meta property=\"og:site_name\" content=\"M.MAURER\" \/>\n<meta property=\"article:modified_time\" content=\"2026-01-26T10:27:24+00:00\" \/>\n<meta name=\"twitter:card\" content=\"summary_large_image\" \/>\n<meta name=\"twitter:label1\" content=\"Estimated reading time\" \/>\n\t<meta name=\"twitter:data1\" content=\"3 minutes\" \/>\n<script type=\"application\/ld+json\" class=\"yoast-schema-graph\">{\"@context\":\"https:\\\/\\\/schema.org\",\"@graph\":[{\"@type\":\"WebPage\",\"@id\":\"https:\\\/\\\/www.mmaurer.at\\\/uniformen-und-ordensbaender\\\/\",\"url\":\"https:\\\/\\\/www.mmaurer.at\\\/uniformen-und-ordensbaender\\\/\",\"name\":\"Uniformen & Ordensb\u00e4nder | M.MAURER\",\"isPartOf\":{\"@id\":\"https:\\\/\\\/www.mmaurer.at\\\/#website\"},\"datePublished\":\"2024-12-17T15:46:44+00:00\",\"dateModified\":\"2026-01-26T10:27:24+00:00\",\"description\":\"Uniformen und Ordensb\u00e4nder aus Wien: handgefertigte Borten, Kordeln und Verzierungen in traditioneller Qualit\u00e4t seit 1863.\",\"breadcrumb\":{\"@id\":\"https:\\\/\\\/www.mmaurer.at\\\/uniformen-und-ordensbaender\\\/#breadcrumb\"},\"inLanguage\":\"en-GB\",\"potentialAction\":[{\"@type\":\"ReadAction\",\"target\":[\"https:\\\/\\\/www.mmaurer.at\\\/uniformen-und-ordensbaender\\\/\"]}]},{\"@type\":\"BreadcrumbList\",\"@id\":\"https:\\\/\\\/www.mmaurer.at\\\/uniformen-und-ordensbaender\\\/#breadcrumb\",\"itemListElement\":[{\"@type\":\"ListItem\",\"position\":1,\"name\":\"Startseite\",\"item\":\"https:\\\/\\\/www.mmaurer.at\\\/\"},{\"@type\":\"ListItem\",\"position\":2,\"name\":\"Uniformen und Ordensb\u00e4nder\"}]},{\"@type\":\"WebSite\",\"@id\":\"https:\\\/\\\/www.mmaurer.at\\\/#website\",\"url\":\"https:\\\/\\\/www.mmaurer.at\\\/\",\"name\":\"M.MAURER\",\"description\":\"Posamente - Geflechte, Zierb\u00e4nder, gewebte Borten, Fransen, Kordeln, Litzen und Quasten, \u00fcberzogene Kn\u00f6pfe und \u00c4hnliches.\",\"potentialAction\":[{\"@type\":\"SearchAction\",\"target\":{\"@type\":\"EntryPoint\",\"urlTemplate\":\"https:\\\/\\\/www.mmaurer.at\\\/?s={search_term_string}\"},\"query-input\":{\"@type\":\"PropertyValueSpecification\",\"valueRequired\":true,\"valueName\":\"search_term_string\"}}],\"inLanguage\":\"en-GB\"}]}<\/script>\n<!-- \/ Yoast SEO plugin. -->","yoast_head_json":{"title":"Uniforms &amp; Ribbons | M.MAURER","description":"Uniforms and ribbons from Vienna: handmade braids, cords and decorations in traditional quality since 1863.","robots":{"index":"index","follow":"follow","max-snippet":"max-snippet:-1","max-image-preview":"max-image-preview:large","max-video-preview":"max-video-preview:-1"},"canonical":"https:\/\/www.mmaurer.at\/en\/uniforms-and-medals\/","og_locale":"en_GB","og_type":"article","og_title":"Uniformen & Ordensb\u00e4nder | M.MAURER","og_description":"Uniformen und Ordensb\u00e4nder aus Wien: handgefertigte Borten, Kordeln und Verzierungen in traditioneller Qualit\u00e4t seit 1863.","og_url":"https:\/\/www.mmaurer.at\/en\/uniforms-and-medals\/","og_site_name":"M.MAURER","article_modified_time":"2026-01-26T10:27:24+00:00","twitter_card":"summary_large_image","twitter_misc":{"Estimated reading time":"3 minutes"},"schema":{"@context":"https:\/\/schema.org","@graph":[{"@type":"WebPage","@id":"https:\/\/www.mmaurer.at\/uniformen-und-ordensbaender\/","url":"https:\/\/www.mmaurer.at\/uniformen-und-ordensbaender\/","name":"Uniforms &amp; Ribbons | M.MAURER","isPartOf":{"@id":"https:\/\/www.mmaurer.at\/#website"},"datePublished":"2024-12-17T15:46:44+00:00","dateModified":"2026-01-26T10:27:24+00:00","description":"Uniforms and ribbons from Vienna: handmade braids, cords and decorations in traditional quality since 1863.","breadcrumb":{"@id":"https:\/\/www.mmaurer.at\/uniformen-und-ordensbaender\/#breadcrumb"},"inLanguage":"en-GB","potentialAction":[{"@type":"ReadAction","target":["https:\/\/www.mmaurer.at\/uniformen-und-ordensbaender\/"]}]},{"@type":"BreadcrumbList","@id":"https:\/\/www.mmaurer.at\/uniformen-und-ordensbaender\/#breadcrumb","itemListElement":[{"@type":"ListItem","position":1,"name":"Startseite","item":"https:\/\/www.mmaurer.at\/"},{"@type":"ListItem","position":2,"name":"Uniformen und Ordensb\u00e4nder"}]},{"@type":"WebSite","@id":"https:\/\/www.mmaurer.at\/#website","url":"https:\/\/www.mmaurer.at\/","name":"M.MAURER","description":"Trimmings - braids, decorative ribbons, woven borders, fringes, cords, braids and tassels, covered buttons and the like.","potentialAction":[{"@type":"SearchAction","target":{"@type":"EntryPoint","urlTemplate":"https:\/\/www.mmaurer.at\/?s={search_term_string}"},"query-input":{"@type":"PropertyValueSpecification","valueRequired":true,"valueName":"search_term_string"}}],"inLanguage":"en-GB"}]}},"_links":{"self":[{"href":"https:\/\/www.mmaurer.at\/en\/wp-json\/wp\/v2\/pages\/10253","targetHints":{"allow":["GET"]}}],"collection":[{"href":"https:\/\/www.mmaurer.at\/en\/wp-json\/wp\/v2\/pages"}],"about":[{"href":"https:\/\/www.mmaurer.at\/en\/wp-json\/wp\/v2\/types\/page"}],"author":[{"embeddable":true,"href":"https:\/\/www.mmaurer.at\/en\/wp-json\/wp\/v2\/users\/6"}],"replies":[{"embeddable":true,"href":"https:\/\/www.mmaurer.at\/en\/wp-json\/wp\/v2\/comments?post=10253"}],"version-history":[{"count":8,"href":"https:\/\/www.mmaurer.at\/en\/wp-json\/wp\/v2\/pages\/10253\/revisions"}],"predecessor-version":[{"id":12483,"href":"https:\/\/www.mmaurer.at\/en\/wp-json\/wp\/v2\/pages\/10253\/revisions\/12483"}],"wp:attachment":[{"href":"https:\/\/www.mmaurer.at\/en\/wp-json\/wp\/v2\/media?parent=10253"}],"curies":[{"name":"wp","href":"https:\/\/api.w.org\/{rel}","templated":true}]}}