{"id":10505,"date":"2025-01-21T11:43:13","date_gmt":"2025-01-21T10:43:13","guid":{"rendered":"https:\/\/www.mmaurer.at\/?page_id=10505"},"modified":"2025-12-11T11:06:50","modified_gmt":"2025-12-11T10:06:50","slug":"imprint","status":"publish","type":"page","link":"https:\/\/www.mmaurer.at\/en\/impressum\/","title":{"rendered":"IMPRINT"},"content":{"rendered":"<p>[et_pb_section fb_built=&#8220;1&#8243; _builder_version=&#8220;4.27.4&#8243; _module_preset=&#8220;default&#8220; custom_margin=&#8220;||0px||false|false&#8220; custom_margin_tablet=&#8220;0px||||false|false&#8220; custom_margin_phone=&#8220;0px||||false|false&#8220; custom_margin_last_edited=&#8220;on|tablet&#8220; custom_padding=&#8220;0px|0px|0px||false|false&#8220; global_module=&#8220;4477&#8243; saved_tabs=&#8220;all&#8220; global_colors_info=&#8220;{}&#8220;][et_pb_row column_structure=&#8220;3_4,1_4&#8243; _builder_version=&#8220;4.27.4&#8243; _module_preset=&#8220;default&#8220; background_color=&#8220;#3974ba&#8220; width=&#8220;100%&#8220; custom_margin=&#8220;0px|auto|0px|auto|false|false&#8220; custom_padding=&#8220;0px||0px||false|false&#8220; global_colors_info=&#8220;{}&#8220;][et_pb_column type=&#8220;3_4&#8243; _builder_version=&#8220;4.27.4&#8243; _module_preset=&#8220;default&#8220; global_colors_info=&#8220;{}&#8220;][et_pb_divider _builder_version=&#8220;4.27.4&#8243; _module_preset=&#8220;default&#8220; global_colors_info=&#8220;{}&#8220;][\/et_pb_divider][et_pb_text _module_preset=&#8220;default&#8220;]<\/p>\n<div class=\"woocommerce woocommerce-gzd woocommerce-gzd-complaints-shortcode\">\n\t\t\t<h3>Information pursuant to \u00a7 19 (3) AStG<\/h3>\n\t\t<p>Alternative Dispute Resolution Act - Online stores<\/p>\n\t\nZur Teilnahme an einem Streitbeilegungsverfahren vor einer Verbraucherschlichtungsstelle sind wir nicht verpflichtet und nicht bereit.<\/div>\n<p>[\/et_pb_text][\/et_pb_column][et_pb_column type=&#8220;1_4&#8243; _builder_version=&#8220;4.27.4&#8243; _module_preset=&#8220;default&#8220; global_colors_info=&#8220;{}&#8220;][\/et_pb_column][\/et_pb_row][et_pb_row column_structure=&#8220;3_4,1_4&#8243; _builder_version=&#8220;4.27.4&#8243; _module_preset=&#8220;default&#8220; width=&#8220;100%&#8220; custom_margin=&#8220;0px|0px|0px|0px|false|false&#8220; custom_margin_tablet=&#8220;0px|0px|-65px|0px|false|false&#8220; custom_margin_phone=&#8220;||-65px||false|false&#8220; custom_margin_last_edited=&#8220;on|tablet&#8220; custom_padding=&#8220;0px|0px|0px|0px|false|false&#8220; global_colors_info=&#8220;{}&#8220;][et_pb_column type=&#8220;3_4&#8243; _builder_version=&#8220;4.25.1&#8243; _module_preset=&#8220;default&#8220; global_colors_info=&#8220;{}&#8220;][et_pb_menu active_link_color=&#8220;#3a74ba&#8220; logo=&#8220;https:\/\/www.mmaurer.at\/wp-content\/uploads\/2025\/07\/MMaurer-Logo-Text_RGB_gross.png&#8220; logo_url=&#8220;@ET-DC@eyJkeW5hbWljIjp0cnVlLCJjb250ZW50IjoicG9zdF9saW5rX3VybF9wYWdlIiwic2V0dGluZ3MiOnsicG9zdF9pZCI6IjQ0MjUifX0=@&#8220; logo_width=&#8220;25%&#8220; logo_tablet=&#8220;https:\/\/www.mmaurer.at\/wp-content\/uploads\/2025\/07\/Maurer-Logo.png&#8220; logo_phone=&#8220;https:\/\/www.mmaurer.at\/wp-content\/uploads\/2025\/07\/MAURER-Rundes-Logo.png&#8220; logo_last_edited=&#8220;on|tablet&#8220; logo_width_tablet=&#8220;&#8220; logo_width_phone=&#8220;35%&#8220; logo_width_last_edited=&#8220;on|phone&#8220; _builder_version=&#8220;4.27.4&#8243; _dynamic_attributes=&#8220;logo_url&#8220; _module_preset=&#8220;default&#8220; menu_font=&#8220;|600|||||||&#8220; menu_font_size=&#8220;16px&#8220; max_height=&#8220;88%&#8220; custom_margin=&#8220;10px|0px|10px||true|false&#8220; custom_margin_tablet=&#8220;0px||||false|false&#8220; custom_margin_phone=&#8220;&#8220; custom_margin_last_edited=&#8220;on|tablet&#8220; custom_padding=&#8220;|0px|0px|0px|false|false&#8220; global_colors_info=&#8220;{}&#8220;][\/et_pb_menu][\/et_pb_column][et_pb_column type=&#8220;1_4&#8243; _builder_version=&#8220;4.25.1&#8243; _module_preset=&#8220;default&#8220; global_colors_info=&#8220;{}&#8220;][et_pb_button button_url=&#8220;@ET-DC@eyJkeW5hbWljIjp0cnVlLCJjb250ZW50IjoicG9zdF9saW5rX3VybF9wYWdlIiwic2V0dGluZ3MiOnsicG9zdF9pZCI6IjQ1MTYifX0=@&#8220; button_text=&#8220;Zum Shop f\u00fcr Lagerware&#8220; button_alignment=&#8220;right&#8220; disabled_on=&#8220;on|on|on&#8220; _builder_version=&#8220;4.27.4&#8243; _dynamic_attributes=&#8220;button_url&#8220; _module_preset=&#8220;default&#8220; custom_button=&#8220;on&#8220; button_text_size=&#8220;16px&#8220; button_text_color=&#8220;#FFFFFF&#8220; button_bg_color=&#8220;#3973b9&#8243; button_border_width=&#8220;0px&#8220; button_border_radius=&#8220;10px&#8220; button_font=&#8220;|700|||||||&#8220; custom_margin=&#8220;50px||||false|false&#8220; custom_margin_tablet=&#8220;1px||||false|false&#8220; custom_margin_phone=&#8220;0px||||false|false&#8220; custom_margin_last_edited=&#8220;on|phone&#8220; custom_padding=&#8220;|30px||30px|false|true&#8220; disabled=&#8220;on&#8220; global_colors_info=&#8220;{}&#8220;][\/et_pb_button][\/et_pb_column][\/et_pb_row][\/et_pb_section][et_pb_section fb_built=&#8220;1&#8243; _builder_version=&#8220;4.25.1&#8243; _module_preset=&#8220;default&#8220; custom_padding=&#8220;4px||5px|||&#8220; global_colors_info=&#8220;{}&#8220;][et_pb_row _builder_version=&#8220;4.25.1&#8243; _module_preset=&#8220;default&#8220; custom_padding=&#8220;5px|||||&#8220; global_colors_info=&#8220;{}&#8220;][et_pb_column type=&#8220;4_4&#8243; _builder_version=&#8220;4.25.1&#8243; _module_preset=&#8220;default&#8220; global_colors_info=&#8220;{}&#8220;][et_pb_text _builder_version=&#8220;4.27.4&#8243; _module_preset=&#8220;default&#8220; custom_margin=&#8220;86px||0px||false|false&#8220; custom_padding=&#8220;||17px|||&#8220; global_colors_info=&#8220;{}&#8220;]<\/p>\n<h1 class=\"p1\">Impressum gem\u00e4\u00df \u00a7 5 E-Commerce-Gesetz (ECG), \u00a7 14 UGB und \u00a7 24 MedienG<\/h1>\n<p>[\/et_pb_text][et_pb_text _builder_version=&#8220;4.27.4&#8243; _module_preset=&#8220;default&#8220; text_orientation=&#8220;center&#8220; custom_margin=&#8220;6px||74px||false|false&#8220; global_colors_info=&#8220;{}&#8220;]<\/p>\n<div id=\"main\">\n<div class=\"item-page\" itemscope=\"\" itemtype=\"http:\/\/schema.org\/Article\">\n<div itemprop=\"articleBody\">\n<p class=\"p1\" style=\"text-align: left;\"><span style=\"color: #000000;\"><b>Firmenname: <\/b><b><\/b><\/span><span style=\"color: #000000;\">M. Maurer Ges.m.b.H.<br \/><\/span><span style=\"color: #000000;\"><b>Sitz: <\/b><b><\/b><\/span><span style=\"color: #000000;\">Kandlgasse 20, A-1070 Wien<br \/><\/span><span style=\"color: #000000;\"><b>Telefon: <\/b><b><\/b><\/span><span style=\"color: #000000;\">+43 1 523 10 43<br \/><\/span><span style=\"color: #000000;\"><b>Fax: <\/b><b><\/b><\/span><span style=\"color: #000000;\">+43 1 905 95 53<br \/><\/span><span style=\"color: #000000;\"><b>E-Mail: <\/b><b><\/b><\/span><span style=\"color: #000000;\"><a href=\"mailto:of****@*****er.at\" data-original-string=\"C76+R762MqeVH8YuwCJYUQ==5d1NpGu6iVnWPjMJnm0fVXpr8+9I1VyM6ie3mrsuSGjpmw=\" title=\"This contact has been encoded by Anti-Spam by CleanTalk. Click to decode. To finish the decoding make sure that JavaScript is enabled in your browser.\"><span \n                data-original-string='t4Xc1BpUrRyP6yEj0Kcqww==5d1ssWLhglT22Wbdp41+ov8yppRKsszyFpT1nQ7+Nb3Bz0='\n                class='apbct-email-encoder'\n                title='This contact has been encoded by Anti-Spam by CleanTalk. Click to decode. To finish the decoding make sure that JavaScript is enabled in your browser.'>of<span class=\"apbct-blur\">****<\/span>@<span class=\"apbct-blur\">*****<\/span>er.at<\/span><\/a><br \/><\/span><span style=\"color: #000000;\"><b>Website: <\/b><b><\/b><\/span><span style=\"color: #000000;\"><a href=\"http:\/\/www.mmaurer.at\/\" style=\"color: #000000;\" data-wpel-link=\"external\" target=\"_blank\" class=\"wpel-exit-confirmation\" rel=\"follow external noopener noreferrer\">www.mmaurer.at<\/a><\/span><\/p>\n<p class=\"p1\" style=\"text-align: left;\"><span style=\"color: #000000;\"><b>Firmenbuchnummer: <\/b><b><\/b><\/span><span style=\"color: #000000;\">FN 137418 k<br \/><\/span><span style=\"color: #000000;\"><b>Firmenbuchgericht: <\/b><b><\/b><\/span><span style=\"color: #000000;\">Handelsgericht Wien<br \/><\/span><span style=\"color: #000000;\"><b>UID-Nummer: <\/b><b><\/b><\/span><span style=\"color: #000000;\">ATU39543106<br \/><\/span><span style=\"color: #000000;\"><b>GLN: <\/b><b><\/b><\/span><span style=\"color: #000000;\">9110015784718<br \/><\/span><span style=\"color: #000000;\"><b>GISA-Zahl: <\/b><b><\/b><\/span><span style=\"color: #000000;\">23813588, 24241991<br \/><\/span><span style=\"color: #000000;\"><b><\/b><\/span><\/p>\n<p class=\"p1\" style=\"text-align: left;\"><span style=\"color: #000000;\"><b>Gesch\u00e4ftsf\u00fchrung: <\/b><b><\/b><\/span><span style=\"color: #000000;\">Albert A. Maurer<br \/><\/span><span style=\"color: #000000;\"><b>Gewerbeberechtigung: <\/b><b><\/b><\/span><span style=\"color: #000000;\">Erzeugung von Posamentriewaren, Uniformeffekten, Borten, Schn\u00fcren und Gespinsten<br \/><\/span><span style=\"color: #000000;\"><b>Mitglied bei: <\/b><b><\/b><\/span><span style=\"color: #000000;\">Wirtschaftskammer Wien, <\/span><span style=\"color: #000000;\"><a href=\"http:\/\/www.firmen.wko.at\/\" style=\"color: #000000;\" data-wpel-link=\"external\" target=\"_blank\" class=\"wpel-exit-confirmation\" rel=\"follow external noopener noreferrer\">www.firmen.wko.at<\/a><br \/><\/span><span style=\"color: #000000;\"><b>Aufsichtsbeh\u00f6rde gem\u00e4\u00df ECG: <\/b><b><\/b><\/span><span style=\"color: #000000;\">Magistratisches Bezirksamt des VII. Bezirkes<\/span><\/p>\n<p class=\"p1\" style=\"text-align: left;\"><span style=\"color: #000000;\"><b>Medieninhaber und Herausgeber: <\/b><b><\/b><\/span><span style=\"color: #000000;\">M. Maurer Ges.m.b.H.<\/span><\/p>\n<p class=\"p1\" style=\"text-align: left;\"><span style=\"color: #000000;\"><b>Grundlegende Richtung der Website: <\/b><b><\/b><\/span><span style=\"color: #000000;\">Informationen zu Produkten und Dienstleistungen im Bereich der Herstellung von Posamentriewaren, Uniformeffekten und textilen Spezialerzeugnissen.<\/span><\/p>\n<p class=\"p1\" style=\"text-align: left;\"><span style=\"color: #000000;\"><b>Plattform der EU-Kommission zur Online-Streitbeilegung: <\/b><b><\/b><\/span><span style=\"color: #000000;\"><a href=\"http:\/\/ec.europa.eu\/odr\" style=\"color: #000000;\" data-wpel-link=\"external\" target=\"_blank\" class=\"wpel-exit-confirmation\" rel=\"follow external noopener noreferrer\">http:\/\/ec.europa.eu\/odr<\/a><\/span><\/p>\n<p class=\"p2\" style=\"text-align: left;\"><span style=\"color: #000000;\">Sie k\u00f6nnen Ihre Beschwerde auch direkt an uns richten: <span \n                data-original-string='n7A0OKzbylSYnAgQZ\/PUcA==5d1fbw3unfm+vg+bdwlB7rCBG+eQhF3jGWAYLek+oxmKm4='\n                class='apbct-email-encoder'\n                title='This contact has been encoded by Anti-Spam by CleanTalk. Click to decode. To finish the decoding make sure that JavaScript is enabled in your browser.'>of<span class=\"apbct-blur\">****<\/span>@<span class=\"apbct-blur\">*****<\/span>er.at<\/span><\/span><\/p>\n<p class=\"p1\" style=\"text-align: left;\"><span style=\"color: #000000;\"><b>Urheberrecht: <\/b><b><\/b><\/span><span style=\"color: #000000;\">Die Rechte an allen Inhalten (Texte, Bilder etc.) auf dieser Website sowie auf durch M. Maurer Ges.m.b.H. betriebenen Social-Media-Seiten liegen, sofern nicht anders angegeben, beim Herausgeber.<\/span><\/p>\n<p class=\"p1\" style=\"text-align: left;\"><span style=\"color: #000000;\"><b>Bildnachweise, Fotografie, Bildbearbeitung &amp; Video:<\/b><b><\/b><\/span><span class=\"s1\" style=\"color: #000000;\"><\/span><\/p>\n<ul style=\"text-align: left;\">\n<li>\n<p class=\"p1\"><span style=\"color: #000000;\">Oreste Schaller BFA MA | CTO smiletronic \u2013 <a href=\"https:\/\/www.smiletronic.com\/\" style=\"color: #000000;\" data-wpel-link=\"external\" target=\"_blank\" class=\"wpel-exit-confirmation\" rel=\"follow external noopener noreferrer\">www.smiletronic.com<\/a><\/span><\/p>\n<\/li>\n<li>\n<p class=\"p1\"><span style=\"color: #000000;\">Robert Kalb \u2013 <a href=\"https:\/\/www.robertkalb-photographien.at\/\" style=\"color: #000000;\" data-wpel-link=\"external\" target=\"_blank\" class=\"wpel-exit-confirmation\" rel=\"follow external noopener noreferrer\">www.robertkalb-photographien.at<\/a><\/span><\/p>\n<\/li>\n<li>\n<p class=\"p1\"><span style=\"color: #000000;\">Klemens Oezelt \u2013 <a href=\"https:\/\/studioparadiso.at\/intro-ii\" style=\"color: #000000;\" data-wpel-link=\"external\" target=\"_blank\" class=\"wpel-exit-confirmation\" rel=\"follow external noopener noreferrer\">studioparadiso.at<\/a><\/span><\/p>\n<\/li>\n<li>\n<p class=\"p1\"><span style=\"color: #000000;\">Tv Salon Filmproduktion GmbH \u2013 <a href=\"https:\/\/www.tvsalon.at\/\" style=\"color: #000000;\" data-wpel-link=\"external\" target=\"_blank\" class=\"wpel-exit-confirmation\" rel=\"follow external noopener noreferrer\">www.tvsalon.at<\/a><\/span><\/p>\n<\/li>\n<\/ul>\n<p class=\"p1\" style=\"text-align: left;\"><span style=\"color: #000000;\"><b>Webdesign &amp; Entwicklung:<\/b><b><\/b><\/span><span class=\"s1\" style=\"color: #000000;\"><\/span><\/p>\n<ul style=\"text-align: left;\">\n<li>\n<p class=\"p1\"><span style=\"color: #000000;\">Nadine Fraiss \u2013 <a href=\"https:\/\/www.lilox.io\/\" style=\"color: #000000;\" data-wpel-link=\"external\" target=\"_blank\" class=\"wpel-exit-confirmation\" rel=\"follow external noopener noreferrer\">www.lilox.io<\/a><\/span><\/p>\n<\/li>\n<\/ul>\n<p class=\"p1\" style=\"text-align: left;\"><span style=\"color: #000000;\"><b>Projektleitung Digitale Kommunikation &amp; Marketing:<\/b><b><\/b><\/span><span class=\"s1\" style=\"color: #000000;\"><\/span><\/p>\n<ul style=\"text-align: left;\">\n<li>\n<p class=\"p1\"><span style=\"color: #000000;\">Michael Schumpelt, MSc \u2013 <a href=\"https:\/\/www.linkedin.com\/in\/schumpelt\" style=\"color: #000000;\" data-wpel-link=\"external\" target=\"_blank\" class=\"wpel-exit-confirmation\" rel=\"follow external noopener noreferrer\">LinkedIn-Profil<\/a><\/span><\/p>\n<\/li>\n<\/ul>\n<p class=\"p1\" style=\"text-align: left;\"><span style=\"color: #000000;\"><b>Bankverbindung:<\/b><b><\/b><\/span><\/p>\n<p class=\"p2\" style=\"text-align: left;\"><span style=\"color: #000000;\">Bankname: 1. Bank \u00f6sterreich. Sparkassen AG<br \/><\/span><span style=\"color: #000000;\">IBAN: AT112011182851058300<br \/><\/span><span style=\"color: #000000;\">BIC: GIBAATWWXXX<\/span><\/p>\n<p class=\"p1\" style=\"text-align: left;\"><span style=\"color: #000000;\"><b>Verkaufszeiten:<\/b><b><\/b><\/span><\/p>\n<p class=\"p2\" style=\"text-align: left;\"><span style=\"color: #000000;\">Mo\u2013Do: 09:00\u201312:00 &amp; 12:30\u201315:00<\/span><\/p>\n<\/div>\n<\/div>\n<\/div>\n<p>[\/et_pb_text][\/et_pb_column][\/et_pb_row][\/et_pb_section]<\/p>\n","protected":false},"excerpt":{"rendered":"<p><div class=\"woocommerce woocommerce-gzd woocommerce-gzd-complaints-shortcode\">\n\t\t\t<h3>Information pursuant to \u00a7 19 (3) AStG<\/h3>\n\t\t<p>Alternative Dispute Resolution Act - Online stores<\/p>\n\t\nWe are not obliged or willing to participate in dispute resolution proceedings before a consumer arbitration board.<\/div> Imprint according to \u00a7 5 E-Commerce Act (ECG), \u00a7 14 UGB and \u00a7 24 MedienG Company name: M. Maurer Ges.m.b.H.Registered office: Kandlgasse 20, A-1070 ViennaPhone: +43 1 523 10 43Fax: +43 1 905 95 53E-mail: <span \n                data-original-string='8zlXCeAGfVG23cozdVvtqg==5d1HTmjuL0uxYQNdT6PFsTtf4OcZ8EmXB2X\/wOXoDKyiSc='\n                class='apbct-email-encoder'\n                title='This contact has been encoded by Anti-Spam by CleanTalk. Click to decode. To finish the decoding make sure that JavaScript is enabled in your browser.'>of<span class=\"apbct-blur\">****<\/span>@<span class=\"apbct-blur\">*****<\/span>er.atWebsite<\/span>www.mmaurer.at Company register number: FN 137418 kCompany register court: Vienna Commercial CourtUID number: ATU39543106GLN: 9110015784718GISA number: 23813588, 24241991 Management: Albert A. MaurerBusiness licence: Production of trimmings, uniform effects, trimmings, cords and threadsMember of: Vienna Chamber of Commerce, www.firmen.wko.atAufsichtsbeh\u00f6rde according to ECG: Magistratisches Bezirksamt des VII. Bezirkes Media owner and publisher: M. Maurer Ges.m.b.H. Basic direction of the website: Information on products and services in the field of the manufacture of trimmings, uniform effects and specialised textile products. Platform of the EU Commission for online dispute resolution: http:\/\/ec.europa.eu\/odr You can also address your complaint directly to us: <span \n                data-original-string='e27sj6go7UgEwdj31Nw2OQ==5d1HoFkA42empQ5kqVDof+TDcRr\/RsTlTLZsiMbgbqD5ww='\n                class='apbct-email-encoder'\n                title='This contact has been encoded by Anti-Spam by CleanTalk. Click to decode. To finish the decoding make sure that JavaScript is enabled in your browser.'>of<span class=\"apbct-blur\">****<\/span>@<span class=\"apbct-blur\">*****<\/span>er.at<\/span> Copyright: The rights to all content (texts, images, etc.) on this website and on social media pages operated by M. Maurer Ges.m.b.H. belong to the publisher, unless otherwise stated. Image credits, photography, image processing &amp; video: Oreste Schaller BFA MA | CTO smiletronic - www.smiletronic.com Robert Kalb - www.robertkalb-photographien.at Klemens Oezelt - studioparadiso.at Tv Salon Filmproduktion GmbH - www.tvsalon.at Webdesign &amp; Development: Nadine Fraiss - www.lilox.io Project Management Digital Communication &amp; Marketing: Michael Schumpelt, MSc - LinkedIn profile Bank details: Bank name: 1. Bank \u00f6sterreich. Sparkassen AGIBAN: AT112011182851058300BIC: GIBAATWWXXX Sales hours: Mon-Thu: 09:00-12:00 &amp; 12:30-15:00<\/p>","protected":false},"author":6,"featured_media":0,"parent":0,"menu_order":0,"comment_status":"closed","ping_status":"closed","template":"","meta":{"_et_pb_use_builder":"on","_et_pb_old_content":"","_et_gb_content_width":"","footnotes":""},"class_list":["post-10505","page","type-page","status-publish","hentry"],"yoast_head":"<!-- This site is optimized with the Yoast SEO plugin v27.4 - https:\/\/yoast.com\/product\/yoast-seo-wordpress\/ -->\n<title>Impressum | M.MAURER<\/title>\n<meta name=\"description\" content=\"Impressum der M.MAURER Posamenten-Manufaktur in Wien. Gesetzliche Angaben, Unternehmensdaten und Kontaktdetails im \u00dcberblick.\" \/>\n<meta name=\"robots\" content=\"index, follow, max-snippet:-1, max-image-preview:large, max-video-preview:-1\" \/>\n<link rel=\"canonical\" href=\"https:\/\/www.mmaurer.at\/en\/imprint\/\" \/>\n<meta property=\"og:locale\" content=\"en_GB\" \/>\n<meta property=\"og:type\" content=\"article\" \/>\n<meta property=\"og:title\" content=\"Impressum | M.MAURER\" \/>\n<meta property=\"og:description\" content=\"Impressum der M.MAURER Posamenten-Manufaktur in Wien. Gesetzliche Angaben, Unternehmensdaten und Kontaktdetails im \u00dcberblick.\" \/>\n<meta property=\"og:url\" content=\"https:\/\/www.mmaurer.at\/en\/imprint\/\" \/>\n<meta property=\"og:site_name\" content=\"M.MAURER\" \/>\n<meta property=\"article:modified_time\" content=\"2025-12-11T10:06:50+00:00\" \/>\n<meta name=\"twitter:card\" content=\"summary_large_image\" \/>\n<meta name=\"twitter:label1\" content=\"Estimated reading time\" \/>\n\t<meta name=\"twitter:data1\" content=\"2 minutes\" \/>\n<script type=\"application\/ld+json\" class=\"yoast-schema-graph\">{\"@context\":\"https:\\\/\\\/schema.org\",\"@graph\":[{\"@type\":\"WebPage\",\"@id\":\"https:\\\/\\\/www.mmaurer.at\\\/impressum\\\/\",\"url\":\"https:\\\/\\\/www.mmaurer.at\\\/impressum\\\/\",\"name\":\"Impressum | M.MAURER\",\"isPartOf\":{\"@id\":\"https:\\\/\\\/www.mmaurer.at\\\/#website\"},\"datePublished\":\"2025-01-21T10:43:13+00:00\",\"dateModified\":\"2025-12-11T10:06:50+00:00\",\"description\":\"Impressum der M.MAURER Posamenten-Manufaktur in Wien. Gesetzliche Angaben, Unternehmensdaten und Kontaktdetails im \u00dcberblick.\",\"breadcrumb\":{\"@id\":\"https:\\\/\\\/www.mmaurer.at\\\/impressum\\\/#breadcrumb\"},\"inLanguage\":\"en-GB\",\"potentialAction\":[{\"@type\":\"ReadAction\",\"target\":[\"https:\\\/\\\/www.mmaurer.at\\\/impressum\\\/\"]}]},{\"@type\":\"BreadcrumbList\",\"@id\":\"https:\\\/\\\/www.mmaurer.at\\\/impressum\\\/#breadcrumb\",\"itemListElement\":[{\"@type\":\"ListItem\",\"position\":1,\"name\":\"Startseite\",\"item\":\"https:\\\/\\\/www.mmaurer.at\\\/\"},{\"@type\":\"ListItem\",\"position\":2,\"name\":\"IMPRESSUM\"}]},{\"@type\":\"WebSite\",\"@id\":\"https:\\\/\\\/www.mmaurer.at\\\/#website\",\"url\":\"https:\\\/\\\/www.mmaurer.at\\\/\",\"name\":\"M.MAURER\",\"description\":\"Posamente - Geflechte, Zierb\u00e4nder, gewebte Borten, Fransen, Kordeln, Litzen und Quasten, \u00fcberzogene Kn\u00f6pfe und \u00c4hnliches.\",\"potentialAction\":[{\"@type\":\"SearchAction\",\"target\":{\"@type\":\"EntryPoint\",\"urlTemplate\":\"https:\\\/\\\/www.mmaurer.at\\\/?s={search_term_string}\"},\"query-input\":{\"@type\":\"PropertyValueSpecification\",\"valueRequired\":true,\"valueName\":\"search_term_string\"}}],\"inLanguage\":\"en-GB\"}]}<\/script>\n<!-- \/ Yoast SEO plugin. -->","yoast_head_json":{"title":"Imprint | M.MAURER","description":"Imprint of M.MAURER Posamenten-Manufaktur in Vienna. Legal information, company data and contact details at a glance.","robots":{"index":"index","follow":"follow","max-snippet":"max-snippet:-1","max-image-preview":"max-image-preview:large","max-video-preview":"max-video-preview:-1"},"canonical":"https:\/\/www.mmaurer.at\/en\/imprint\/","og_locale":"en_GB","og_type":"article","og_title":"Impressum | M.MAURER","og_description":"Impressum der M.MAURER Posamenten-Manufaktur in Wien. Gesetzliche Angaben, Unternehmensdaten und Kontaktdetails im \u00dcberblick.","og_url":"https:\/\/www.mmaurer.at\/en\/imprint\/","og_site_name":"M.MAURER","article_modified_time":"2025-12-11T10:06:50+00:00","twitter_card":"summary_large_image","twitter_misc":{"Estimated reading time":"2 minutes"},"schema":{"@context":"https:\/\/schema.org","@graph":[{"@type":"WebPage","@id":"https:\/\/www.mmaurer.at\/impressum\/","url":"https:\/\/www.mmaurer.at\/impressum\/","name":"Imprint | M.MAURER","isPartOf":{"@id":"https:\/\/www.mmaurer.at\/#website"},"datePublished":"2025-01-21T10:43:13+00:00","dateModified":"2025-12-11T10:06:50+00:00","description":"Imprint of M.MAURER Posamenten-Manufaktur in Vienna. Legal information, company data and contact details at a glance.","breadcrumb":{"@id":"https:\/\/www.mmaurer.at\/impressum\/#breadcrumb"},"inLanguage":"en-GB","potentialAction":[{"@type":"ReadAction","target":["https:\/\/www.mmaurer.at\/impressum\/"]}]},{"@type":"BreadcrumbList","@id":"https:\/\/www.mmaurer.at\/impressum\/#breadcrumb","itemListElement":[{"@type":"ListItem","position":1,"name":"Startseite","item":"https:\/\/www.mmaurer.at\/"},{"@type":"ListItem","position":2,"name":"IMPRESSUM"}]},{"@type":"WebSite","@id":"https:\/\/www.mmaurer.at\/#website","url":"https:\/\/www.mmaurer.at\/","name":"M.MAURER","description":"Trimmings - braids, decorative ribbons, woven borders, fringes, cords, braids and tassels, covered buttons and the like.","potentialAction":[{"@type":"SearchAction","target":{"@type":"EntryPoint","urlTemplate":"https:\/\/www.mmaurer.at\/?s={search_term_string}"},"query-input":{"@type":"PropertyValueSpecification","valueRequired":true,"valueName":"search_term_string"}}],"inLanguage":"en-GB"}]}},"_links":{"self":[{"href":"https:\/\/www.mmaurer.at\/en\/wp-json\/wp\/v2\/pages\/10505","targetHints":{"allow":["GET"]}}],"collection":[{"href":"https:\/\/www.mmaurer.at\/en\/wp-json\/wp\/v2\/pages"}],"about":[{"href":"https:\/\/www.mmaurer.at\/en\/wp-json\/wp\/v2\/types\/page"}],"author":[{"embeddable":true,"href":"https:\/\/www.mmaurer.at\/en\/wp-json\/wp\/v2\/users\/6"}],"replies":[{"embeddable":true,"href":"https:\/\/www.mmaurer.at\/en\/wp-json\/wp\/v2\/comments?post=10505"}],"version-history":[{"count":15,"href":"https:\/\/www.mmaurer.at\/en\/wp-json\/wp\/v2\/pages\/10505\/revisions"}],"predecessor-version":[{"id":12413,"href":"https:\/\/www.mmaurer.at\/en\/wp-json\/wp\/v2\/pages\/10505\/revisions\/12413"}],"wp:attachment":[{"href":"https:\/\/www.mmaurer.at\/en\/wp-json\/wp\/v2\/media?parent=10505"}],"curies":[{"name":"wp","href":"https:\/\/api.w.org\/{rel}","templated":true}]}}