{"id":2839,"date":"2021-05-19T13:40:13","date_gmt":"2021-05-19T11:40:13","guid":{"rendered":"https:\/\/www.mmaurer.at\/warenkorb\/"},"modified":"2026-03-03T13:25:35","modified_gmt":"2026-03-03T12:25:35","slug":"shopping-basket","status":"publish","type":"page","link":"https:\/\/www.mmaurer.at\/en\/warenkorb\/","title":{"rendered":"Shopping basket"},"content":{"rendered":"<p>[et_pb_section fb_built=&#8220;1&#8243; _builder_version=&#8220;4.16&#8243; global_colors_info=&#8220;{}&#8220;][et_pb_row _builder_version=&#8220;4.16&#8243; background_size=&#8220;initial&#8220; background_position=&#8220;top_left&#8220; background_repeat=&#8220;repeat&#8220; global_colors_info=&#8220;{}&#8220;][et_pb_column type=&#8220;4_4&#8243; _builder_version=&#8220;4.16&#8243; custom_padding=&#8220;|||&#8220; global_colors_info=&#8220;{}&#8220; custom_padding__hover=&#8220;|||&#8220;][et_pb_post_title meta=&#8220;off&#8220; featured_image=&#8220;off&#8220; _builder_version=&#8220;4.16&#8243; global_colors_info=&#8220;{}&#8220;][\/et_pb_post_title][et_pb_wc_cart_notice _builder_version=&#8220;4.27.4&#8243; custom_button=&#8220;on&#8220; button_text_size=&#8220;18px&#8220; button_border_radius=&#8220;10px&#8220; border_radii=&#8220;on|10px|10px|10px|10px&#8220; global_colors_info=&#8220;{}&#8220;][\/et_pb_wc_cart_notice][et_pb_wc_cart_products _builder_version=&#8220;4.27.5&#8243; body_font_size=&#8220;18px&#8220; custom_button=&#8220;on&#8220; button_text_size=&#8220;18px&#8220; button_border_width=&#8220;1px&#8220; button_border_radius=&#8220;10px&#8220; custom_disabled_button=&#8220;on&#8220; disabled_button_text_size=&#8220;18px&#8220; disabled_button_border_width=&#8220;1px&#8220; disabled_button_border_radius=&#8220;10px&#8220; border_radii_table=&#8220;on|10px|10px|10px|10px&#8220; border_radii_form_field=&#8220;on|10px|10px|10px|10px&#8220; global_colors_info=&#8220;{}&#8220;][\/et_pb_wc_cart_products][\/et_pb_column][\/et_pb_row][et_pb_row column_structure=&#8220;1_3,2_3&#8243; _builder_version=&#8220;4.16&#8243; background_size=&#8220;initial&#8220; background_position=&#8220;top_left&#8220; background_repeat=&#8220;repeat&#8220; global_colors_info=&#8220;{}&#8220;][et_pb_column type=&#8220;1_3&#8243; _builder_version=&#8220;4.16&#8243; custom_padding=&#8220;|||&#8220; global_colors_info=&#8220;{}&#8220; custom_padding__hover=&#8220;|||&#8220;][\/et_pb_column][et_pb_column type=&#8220;2_3&#8243; _builder_version=&#8220;4.16&#8243; custom_padding=&#8220;|||&#8220; global_colors_info=&#8220;{}&#8220; custom_padding__hover=&#8220;|||&#8220;][et_pb_wc_cart_totals _builder_version=&#8220;4.27.5&#8243; custom_button=&#8220;on&#8220; button_text_size=&#8220;18px&#8220; button_text_color=&#8220;#FFFFFF&#8220; button_bg_color=&#8220;#3973b9&#8243; button_border_width=&#8220;1px&#8220; button_border_radius=&#8220;10px&#8220; hover_enabled=&#8220;0&#8243; global_colors_info=&#8220;{}&#8220; sticky_enabled=&#8220;0&#8243; custom_margin=&#8220;||4px|||&#8220; custom_padding=&#8220;||0px|||&#8220;][\/et_pb_wc_cart_totals][et_pb_text _builder_version=&#8220;4.27.5&#8243; _module_preset=&#8220;default&#8220; hover_enabled=&#8220;0&#8243; sticky_enabled=&#8220;0&#8243; custom_margin=&#8220;-29px|||||&#8220;]<\/p>\n<p><strong>Bei Angabe einer g\u00fcltigen UID-Nummer wird Ihnen im Checkout der Nettopreis entsprechend angezeigt.<\/strong><\/p>\n<p>[\/et_pb_text][\/et_pb_column][\/et_pb_row][\/et_pb_section]<\/p>\n","protected":false},"excerpt":{"rendered":"<p>If you enter a valid VAT number, the net price will be displayed accordingly in the checkout.<\/p>","protected":false},"author":1,"featured_media":0,"parent":0,"menu_order":0,"comment_status":"closed","ping_status":"closed","template":"","meta":{"_et_pb_use_builder":"on","_et_pb_old_content":"<!-- wp:shortcode -->[woocommerce_cart]<!-- \/wp:shortcode -->","_et_gb_content_width":"","footnotes":""},"class_list":["post-2839","page","type-page","status-publish","hentry"],"yoast_head":"<!-- This site is optimized with the Yoast SEO plugin v27.5 - https:\/\/yoast.com\/product\/yoast-seo-wordpress\/ -->\n<title>Warenkorb | M.MAURER<\/title>\n<meta name=\"description\" content=\"Ihr Warenkorb im M.MAURER Webshop: pr\u00fcfen Sie Ihre ausgew\u00e4hlten Produkte und gehen Sie sicher und bequem zum n\u00e4chsten Bestellschritt.\" \/>\n<meta name=\"robots\" content=\"index, follow, max-snippet:-1, max-image-preview:large, max-video-preview:-1\" \/>\n<link rel=\"canonical\" href=\"https:\/\/www.mmaurer.at\/en\/shopping-basket\/\" \/>\n<meta property=\"og:locale\" content=\"en_GB\" \/>\n<meta property=\"og:type\" content=\"article\" \/>\n<meta property=\"og:title\" content=\"Warenkorb | M.MAURER\" \/>\n<meta property=\"og:description\" content=\"Ihr Warenkorb im M.MAURER Webshop: pr\u00fcfen Sie Ihre ausgew\u00e4hlten Produkte und gehen Sie sicher und bequem zum n\u00e4chsten Bestellschritt.\" \/>\n<meta property=\"og:url\" content=\"https:\/\/www.mmaurer.at\/en\/shopping-basket\/\" \/>\n<meta property=\"og:site_name\" content=\"M.MAURER\" \/>\n<meta property=\"article:modified_time\" content=\"2026-03-03T12:25:35+00:00\" \/>\n<meta name=\"twitter:card\" content=\"summary_large_image\" \/>\n<script type=\"application\/ld+json\" class=\"yoast-schema-graph\">{\"@context\":\"https:\\\/\\\/schema.org\",\"@graph\":[{\"@type\":\"WebPage\",\"@id\":\"https:\\\/\\\/www.mmaurer.at\\\/warenkorb\\\/\",\"url\":\"https:\\\/\\\/www.mmaurer.at\\\/warenkorb\\\/\",\"name\":\"Warenkorb | M.MAURER\",\"isPartOf\":{\"@id\":\"https:\\\/\\\/www.mmaurer.at\\\/#website\"},\"datePublished\":\"2021-05-19T11:40:13+00:00\",\"dateModified\":\"2026-03-03T12:25:35+00:00\",\"description\":\"Ihr Warenkorb im M.MAURER Webshop: pr\u00fcfen Sie Ihre ausgew\u00e4hlten Produkte und gehen Sie sicher und bequem zum n\u00e4chsten Bestellschritt.\",\"breadcrumb\":{\"@id\":\"https:\\\/\\\/www.mmaurer.at\\\/warenkorb\\\/#breadcrumb\"},\"inLanguage\":\"en-GB\",\"potentialAction\":[{\"@type\":\"ReadAction\",\"target\":[\"https:\\\/\\\/www.mmaurer.at\\\/warenkorb\\\/\"]}]},{\"@type\":\"BreadcrumbList\",\"@id\":\"https:\\\/\\\/www.mmaurer.at\\\/warenkorb\\\/#breadcrumb\",\"itemListElement\":[{\"@type\":\"ListItem\",\"position\":1,\"name\":\"Startseite\",\"item\":\"https:\\\/\\\/www.mmaurer.at\\\/\"},{\"@type\":\"ListItem\",\"position\":2,\"name\":\"Warenkorb\"}]},{\"@type\":\"WebSite\",\"@id\":\"https:\\\/\\\/www.mmaurer.at\\\/#website\",\"url\":\"https:\\\/\\\/www.mmaurer.at\\\/\",\"name\":\"M.MAURER\",\"description\":\"Posamente - Geflechte, Zierb\u00e4nder, gewebte Borten, Fransen, Kordeln, Litzen und Quasten, \u00fcberzogene Kn\u00f6pfe und \u00c4hnliches.\",\"potentialAction\":[{\"@type\":\"SearchAction\",\"target\":{\"@type\":\"EntryPoint\",\"urlTemplate\":\"https:\\\/\\\/www.mmaurer.at\\\/?s={search_term_string}\"},\"query-input\":{\"@type\":\"PropertyValueSpecification\",\"valueRequired\":true,\"valueName\":\"search_term_string\"}}],\"inLanguage\":\"en-GB\"}]}<\/script>\n<!-- \/ Yoast SEO plugin. -->","yoast_head_json":{"title":"Shopping basket | M.MAURER","description":"Your shopping basket in the M.MAURER webshop: check your selected products and proceed safely and conveniently to the next order step.","robots":{"index":"index","follow":"follow","max-snippet":"max-snippet:-1","max-image-preview":"max-image-preview:large","max-video-preview":"max-video-preview:-1"},"canonical":"https:\/\/www.mmaurer.at\/en\/shopping-basket\/","og_locale":"en_GB","og_type":"article","og_title":"Warenkorb | M.MAURER","og_description":"Ihr Warenkorb im M.MAURER Webshop: pr\u00fcfen Sie Ihre ausgew\u00e4hlten Produkte und gehen Sie sicher und bequem zum n\u00e4chsten Bestellschritt.","og_url":"https:\/\/www.mmaurer.at\/en\/shopping-basket\/","og_site_name":"M.MAURER","article_modified_time":"2026-03-03T12:25:35+00:00","twitter_card":"summary_large_image","schema":{"@context":"https:\/\/schema.org","@graph":[{"@type":"WebPage","@id":"https:\/\/www.mmaurer.at\/warenkorb\/","url":"https:\/\/www.mmaurer.at\/warenkorb\/","name":"Shopping basket | M.MAURER","isPartOf":{"@id":"https:\/\/www.mmaurer.at\/#website"},"datePublished":"2021-05-19T11:40:13+00:00","dateModified":"2026-03-03T12:25:35+00:00","description":"Your shopping basket in the M.MAURER webshop: check your selected products and proceed safely and conveniently to the next order step.","breadcrumb":{"@id":"https:\/\/www.mmaurer.at\/warenkorb\/#breadcrumb"},"inLanguage":"en-GB","potentialAction":[{"@type":"ReadAction","target":["https:\/\/www.mmaurer.at\/warenkorb\/"]}]},{"@type":"BreadcrumbList","@id":"https:\/\/www.mmaurer.at\/warenkorb\/#breadcrumb","itemListElement":[{"@type":"ListItem","position":1,"name":"Startseite","item":"https:\/\/www.mmaurer.at\/"},{"@type":"ListItem","position":2,"name":"Warenkorb"}]},{"@type":"WebSite","@id":"https:\/\/www.mmaurer.at\/#website","url":"https:\/\/www.mmaurer.at\/","name":"M.MAURER","description":"Trimmings - braids, decorative ribbons, woven borders, fringes, cords, braids and tassels, covered buttons and the like.","potentialAction":[{"@type":"SearchAction","target":{"@type":"EntryPoint","urlTemplate":"https:\/\/www.mmaurer.at\/?s={search_term_string}"},"query-input":{"@type":"PropertyValueSpecification","valueRequired":true,"valueName":"search_term_string"}}],"inLanguage":"en-GB"}]}},"_links":{"self":[{"href":"https:\/\/www.mmaurer.at\/en\/wp-json\/wp\/v2\/pages\/2839","targetHints":{"allow":["GET"]}}],"collection":[{"href":"https:\/\/www.mmaurer.at\/en\/wp-json\/wp\/v2\/pages"}],"about":[{"href":"https:\/\/www.mmaurer.at\/en\/wp-json\/wp\/v2\/types\/page"}],"author":[{"embeddable":true,"href":"https:\/\/www.mmaurer.at\/en\/wp-json\/wp\/v2\/users\/1"}],"replies":[{"embeddable":true,"href":"https:\/\/www.mmaurer.at\/en\/wp-json\/wp\/v2\/comments?post=2839"}],"version-history":[{"count":9,"href":"https:\/\/www.mmaurer.at\/en\/wp-json\/wp\/v2\/pages\/2839\/revisions"}],"predecessor-version":[{"id":13066,"href":"https:\/\/www.mmaurer.at\/en\/wp-json\/wp\/v2\/pages\/2839\/revisions\/13066"}],"wp:attachment":[{"href":"https:\/\/www.mmaurer.at\/en\/wp-json\/wp\/v2\/media?parent=2839"}],"curies":[{"name":"wp","href":"https:\/\/api.w.org\/{rel}","templated":true}]}}